{"id":5253,"date":"2023-07-12T11:19:48","date_gmt":"2023-07-12T09:19:48","guid":{"rendered":"https:\/\/mikailakar.com\/?page_id=5253"},"modified":"2025-12-27T17:12:46","modified_gmt":"2025-12-27T16:12:46","slug":"sobre-mi","status":"publish","type":"page","link":"https:\/\/mikailakar.com\/es\/sobre-mi\/","title":{"rendered":"Sobre m\u00ed"},"content":{"rendered":"\t\t<div data-elementor-type=\"wp-page\" data-elementor-id=\"5253\" class=\"elementor elementor-5253 elementor-58\" data-elementor-post-type=\"page\">\n\t\t\t\t\t\t<section data-particle_enable=\"false\" data-particle-mobile-disabled=\"false\" class=\"elementor-section elementor-top-section elementor-element elementor-element-88cf66f elementor-section-boxed elementor-section-height-default elementor-section-height-default\" data-id=\"88cf66f\" data-element_type=\"section\" data-settings=\"{&quot;background_background&quot;:&quot;classic&quot;}\">\n\t\t\t\t\t\t\t<div class=\"elementor-background-overlay\"><\/div>\n\t\t\t\t\t\t\t<div class=\"elementor-container elementor-column-gap-default\">\n\t\t\t\t\t<div class=\"elementor-column elementor-col-100 elementor-top-column elementor-element elementor-element-5d67b35\" data-id=\"5d67b35\" data-element_type=\"column\">\n\t\t\t<div class=\"elementor-widget-wrap elementor-element-populated\">\n\t\t\t\t\t\t<section data-particle_enable=\"false\" data-particle-mobile-disabled=\"false\" class=\"elementor-section elementor-inner-section elementor-element elementor-element-69d5cd7 elementor-section-height-min-height elementor-section-boxed elementor-section-height-default\" data-id=\"69d5cd7\" data-element_type=\"section\">\n\t\t\t\t\t\t<div class=\"elementor-container elementor-column-gap-default\">\n\t\t\t\t\t<div class=\"elementor-column elementor-col-100 elementor-inner-column elementor-element elementor-element-86ace96\" data-id=\"86ace96\" data-element_type=\"column\">\n\t\t\t<div class=\"elementor-widget-wrap elementor-element-populated\">\n\t\t\t\t\t\t<div class=\"elementor-element elementor-element-09dc91c elementor-widget__width-initial eael-infobox-content-align--center elementor-widget elementor-widget-eael-info-box\" data-id=\"09dc91c\" data-element_type=\"widget\" data-widget_type=\"eael-info-box.default\">\n\t\t\t\t<div class=\"elementor-widget-container\">\n\t\t\t\t\t        <div class=\"eael-infobox\">\n\t            <div class=\"infobox-content\">\n            <h1 class=\"title\">El artista Mikail Akar<\/h1><div><p>Su andadura comenz\u00f3 cuando s\u00f3lo ten\u00eda cuatro a\u00f1os, y ahora, a los 13, se mueve en el mercado internacional del arte y expone por todo el mundo.<\/p><\/div>        <\/div>\n            <\/div>\n\n\t\t\t\t\t\t<\/div>\n\t\t\t\t<\/div>\n\t\t\t\t\t<\/div>\n\t\t<\/div>\n\t\t\t\t\t<\/div>\n\t\t<\/section>\n\t\t\t\t\t<\/div>\n\t\t<\/div>\n\t\t\t\t\t<\/div>\n\t\t<\/section>\n\t\t\t\t<section data-particle_enable=\"false\" data-particle-mobile-disabled=\"false\" class=\"elementor-section elementor-top-section elementor-element elementor-element-d9e5d55 elementor-section-boxed elementor-section-height-default elementor-section-height-default\" data-id=\"d9e5d55\" data-element_type=\"section\" data-settings=\"{&quot;background_background&quot;:&quot;classic&quot;}\">\n\t\t\t\t\t\t<div class=\"elementor-container elementor-column-gap-default\">\n\t\t\t\t\t<div class=\"elementor-column elementor-col-100 elementor-top-column elementor-element elementor-element-b408c8a\" data-id=\"b408c8a\" data-element_type=\"column\">\n\t\t\t<div class=\"elementor-widget-wrap elementor-element-populated\">\n\t\t\t\t\t\t<div class=\"elementor-element elementor-element-a15accc mobile-full-img elementor-widget elementor-widget-image\" data-id=\"a15accc\" data-element_type=\"widget\" data-widget_type=\"image.default\">\n\t\t\t\t<div class=\"elementor-widget-container\">\n\t\t\t\t\t\t\t\t\t\t\t\t\t\t\t<img fetchpriority=\"high\" decoding=\"async\" width=\"1500\" height=\"820\" src=\"https:\/\/mikailakar.com\/wp-content\/uploads\/2025\/02\/Mikail-Akar-Kunsterwerke-Koln.png\" class=\"attachment-full size-full wp-image-10732\" alt=\"Mikail Akar - Kunsterwerke - K\u00f6ln\" srcset=\"https:\/\/mikailakar.com\/wp-content\/uploads\/2025\/02\/Mikail-Akar-Kunsterwerke-Koln.png 1500w, https:\/\/mikailakar.com\/wp-content\/uploads\/2025\/02\/Mikail-Akar-Kunsterwerke-Koln-300x164.png 300w, https:\/\/mikailakar.com\/wp-content\/uploads\/2025\/02\/Mikail-Akar-Kunsterwerke-Koln-1024x560.png 1024w, https:\/\/mikailakar.com\/wp-content\/uploads\/2025\/02\/Mikail-Akar-Kunsterwerke-Koln-768x420.png 768w\" sizes=\"(max-width: 1500px) 100vw, 1500px\" \/>\t\t\t\t\t\t\t\t\t\t\t\t\t\t\t<\/div>\n\t\t\t\t<\/div>\n\t\t\t\t<div class=\"elementor-element elementor-element-4f02b78 elementor-widget elementor-widget-heading\" data-id=\"4f02b78\" data-element_type=\"widget\" data-widget_type=\"heading.default\">\n\t\t\t\t<div class=\"elementor-widget-container\">\n\t\t\t\t\t<h2 class=\"elementor-heading-title elementor-size-default\">Las obras de arte \u00fanicas de Mikail Akar conquistan el mundo<\/h2>\t\t\t\t<\/div>\n\t\t\t\t<\/div>\n\t\t\t\t<section data-particle_enable=\"false\" data-particle-mobile-disabled=\"false\" class=\"elementor-section elementor-inner-section elementor-element elementor-element-40a783b elementor-section-boxed elementor-section-height-default elementor-section-height-default\" data-id=\"40a783b\" data-element_type=\"section\">\n\t\t\t\t\t\t<div class=\"elementor-container elementor-column-gap-default\">\n\t\t\t\t\t<div class=\"elementor-column elementor-col-100 elementor-inner-column elementor-element elementor-element-7b7c78b\" data-id=\"7b7c78b\" data-element_type=\"column\">\n\t\t\t<div class=\"elementor-widget-wrap elementor-element-populated\">\n\t\t\t\t\t\t<div class=\"elementor-element elementor-element-3ebb5f9 elementor-widget elementor-widget-text-editor\" data-id=\"3ebb5f9\" data-element_type=\"widget\" data-widget_type=\"text-editor.default\">\n\t\t\t\t<div class=\"elementor-widget-container\">\n\t\t\t\t\t\t\t\t\t<p data-start=\"21\" data-end=\"599\">Con tan solo 13 a\u00f1os, Mikail Akar est\u00e1 revolucionando la escena art\u00edstica internacional y cautivando a personas de todo el mundo. Su viaje comenz\u00f3 a los cuatro a\u00f1os, cuando tom\u00f3 un pincel por primera vez\u2014un momento que result\u00f3 ser m\u00e1gico. Desde su primera exposici\u00f3n, todas sus obras se vendieron, una clara se\u00f1al de su talento excepcional. Hoy en d\u00eda, sus creaciones no solo son codiciadas, sino aut\u00e9nticas piezas de colecci\u00f3n. Su estilo \u00fanico\u2014una explosi\u00f3n de colores, texturas poderosas y emociones profundas\u2014fascina a amantes del arte, coleccionistas y cr\u00edticos por igual.<\/p><p data-start=\"601\" data-end=\"1431\">El arte de Mikail ha conquistado las galer\u00edas y ferias de arte m\u00e1s prestigiosas. Sus obras han sido exhibidas en grandes capitales art\u00edsticas como Nueva York, Miami, Estambul, Viena, Z\u00farich, Berl\u00edn, Palma y Colonia. En Nueva York, ha tenido varias exposiciones individuales de gran \u00e9xito, incluyendo presentaciones en la renombrada <em data-start=\"933\" data-end=\"957\">Gallery High Line Nine<\/em> y en el <em data-start=\"966\" data-end=\"990\">One World Trade Center<\/em>. Fue el primer artista europeo en realizar una impresionante sesi\u00f3n de pintura en vivo en la plataforma de observaci\u00f3n del <em data-start=\"1114\" data-end=\"1137\">Empire State Building<\/em>, un evento que qued\u00f3 marcado en la historia del arte. Durante la <em data-start=\"1203\" data-end=\"1224\">Miami Art Week 2023<\/em>, se convirti\u00f3 en el expositor m\u00e1s joven de la <em data-start=\"1271\" data-end=\"1296\">Spectrum Miami Art Fair<\/em>. Con su monumental obra de 50 metros, rompi\u00f3 los l\u00edmites del arte en lienzo y estableci\u00f3 nuevos est\u00e1ndares en el arte contempor\u00e1neo.\u00a0<\/p><p data-start=\"1433\" data-end=\"1974\">El ascenso mete\u00f3rico de Mikail no ha pasado desapercibido. Los medios internacionales m\u00e1s importantes, como <em data-start=\"1541\" data-end=\"1561\">The New York Times<\/em>, <em data-start=\"1563\" data-end=\"1578\">New York Post<\/em>, CNN, BBC, <em data-start=\"1590\" data-end=\"1598\">Forbes<\/em>, <em data-start=\"1600\" data-end=\"1612\">Daily Mail<\/em> y <em data-start=\"1615\" data-end=\"1625\">Newsweek<\/em>, han destacado su extraordinario talento. Sus obras son celebradas como visionarias, revolucionarias y vanguardistas. Su carrera no solo es \u00fanica, sino que tambi\u00e9n sirve de inspiraci\u00f3n para la pr\u00f3xima generaci\u00f3n de artistas. Mikail no solo es reconocido como un pintor talentoso, sino como una de las voces creativas m\u00e1s influyentes de su tiempo.<\/p>\t\t\t\t\t\t\t\t<\/div>\n\t\t\t\t<\/div>\n\t\t\t\t\t<\/div>\n\t\t<\/div>\n\t\t\t\t\t<\/div>\n\t\t<\/section>\n\t\t\t\t<div class=\"elementor-element elementor-element-f9ee852 elementor-widget elementor-widget-image\" data-id=\"f9ee852\" data-element_type=\"widget\" data-widget_type=\"image.default\">\n\t\t\t\t<div class=\"elementor-widget-container\">\n\t\t\t\t\t\t\t\t\t\t\t\t\t\t\t<img decoding=\"async\" width=\"1500\" height=\"820\" src=\"https:\/\/mikailakar.com\/wp-content\/uploads\/2025\/02\/Mikail-Akar-Kunstwerke.png\" class=\"attachment-full size-full wp-image-10725\" alt=\"Mikail Akar - Kunstwerke\" srcset=\"https:\/\/mikailakar.com\/wp-content\/uploads\/2025\/02\/Mikail-Akar-Kunstwerke.png 1500w, https:\/\/mikailakar.com\/wp-content\/uploads\/2025\/02\/Mikail-Akar-Kunstwerke-300x164.png 300w, https:\/\/mikailakar.com\/wp-content\/uploads\/2025\/02\/Mikail-Akar-Kunstwerke-1024x560.png 1024w, https:\/\/mikailakar.com\/wp-content\/uploads\/2025\/02\/Mikail-Akar-Kunstwerke-768x420.png 768w\" sizes=\"(max-width: 1500px) 100vw, 1500px\" \/>\t\t\t\t\t\t\t\t\t\t\t\t\t\t\t<\/div>\n\t\t\t\t<\/div>\n\t\t\t\t<div class=\"elementor-element elementor-element-47b2983 elementor-widget elementor-widget-text-editor\" data-id=\"47b2983\" data-element_type=\"widget\" data-widget_type=\"text-editor.default\">\n\t\t\t\t<div class=\"elementor-widget-container\">\n\t\t\t\t\t\t\t\t\t<p data-start=\"2005\" data-end=\"2674\">Mikail es mucho m\u00e1s que un talento excepcional\u2014usa su arte para generar un impacto positivo en el mundo. Con su proyecto <em data-start=\"2126\" data-end=\"2144\">Upcycling 4 Life<\/em>, se compromete con la sostenibilidad al transformar materiales desechados\u2014incluso restos reales de aviones\u2014en fascinantes obras de arte. Tambi\u00e9n est\u00e1 profundamente involucrado en causas ben\u00e9ficas, apoyando organizaciones infantiles y colaborando estrechamente con hospicios infantiles. Como embajador de la <em data-start=\"2452\" data-end=\"2474\">Fundaci\u00f3n KinderHerz<\/em>, trabaja incansablemente para ayudar a ni\u00f1os gravemente enfermos. Sus subastas ben\u00e9ficas han recaudado importantes sumas de dinero para causas solidarias, ofreciendo un futuro mejor a muchos ni\u00f1os.&nbsp;<\/p>\n<p data-start=\"2676\" data-end=\"3349\">Mikail ha colaborado con algunas de las marcas m\u00e1s prestigiosas del mundo, como Rolls-Royce, Gerolsteiner, Uber Alemania, el <em data-start=\"2801\" data-end=\"2824\">Empire State Building<\/em> y el <em data-start=\"2830\" data-end=\"2848\">Museo Guggenheim<\/em>. En 2023, el <em data-start=\"2862\" data-end=\"2880\">Museo Guggenheim<\/em> subast\u00f3 una de sus obras, un hito que reafirma su posici\u00f3n como un artista serio y consolidado. Su arte est\u00e1 representado en galer\u00edas de prestigio, como la <em data-start=\"3037\" data-end=\"3058\">Galerie Mond Berlin en <\/em>&nbsp;la <em data-start=\"3063\" data-end=\"3087\">Gallery Gerhardt Braun<\/em> en Palma.&nbsp;Sus creaciones no son solo obras de arte, sino declaraciones audaces que elevan el lujo, la innovaci\u00f3n y la profundidad art\u00edstica a un nivel completamente nuevo. Est\u00e1 redefiniendo el arte y marcando el camino para el futuro.<\/p>\n<p data-start=\"3351\" data-end=\"3670\" data-is-last-node=\"\">A pesar de su \u00e9xito mundial, Mikail sigue siendo una persona humilde. Vive con su familia en Colonia y asiste a una escuela internacional, lo que le proporciona una perspectiva global. Pero una cosa es segura: su viaje acaba de comenzar\u2014y el mundo del arte espera con ansias descubrir cu\u00e1l ser\u00e1 su pr\u00f3xima obra maestra.<\/p>\t\t\t\t\t\t\t\t<\/div>\n\t\t\t\t<\/div>\n\t\t\t\t\t<\/div>\n\t\t<\/div>\n\t\t\t\t\t<\/div>\n\t\t<\/section>\n\t\t\t\t<\/div>\n\t\t","protected":false},"excerpt":{"rendered":"<p>El artista Mikail Akar Su andadura comenz\u00f3 cuando s\u00f3lo ten\u00eda cuatro a\u00f1os, y ahora, a los 13, se mueve en el mercado internacional del arte y expone por todo el mundo. Las obras de arte \u00fanicas de Mikail Akar conquistan el mundo Con tan solo 13 a\u00f1os, Mikail Akar est\u00e1 revolucionando la escena art\u00edstica internacional [&hellip;]<\/p>\n","protected":false},"author":2,"featured_media":0,"parent":0,"menu_order":0,"comment_status":"closed","ping_status":"closed","template":"","meta":{"_acf_changed":false,"footnotes":""},"class_list":["post-5253","page","type-page","status-publish","hentry"],"acf":[],"_links":{"self":[{"href":"https:\/\/mikailakar.com\/es\/wp-json\/wp\/v2\/pages\/5253","targetHints":{"allow":["GET"]}}],"collection":[{"href":"https:\/\/mikailakar.com\/es\/wp-json\/wp\/v2\/pages"}],"about":[{"href":"https:\/\/mikailakar.com\/es\/wp-json\/wp\/v2\/types\/page"}],"author":[{"embeddable":true,"href":"https:\/\/mikailakar.com\/es\/wp-json\/wp\/v2\/users\/2"}],"replies":[{"embeddable":true,"href":"https:\/\/mikailakar.com\/es\/wp-json\/wp\/v2\/comments?post=5253"}],"version-history":[{"count":36,"href":"https:\/\/mikailakar.com\/es\/wp-json\/wp\/v2\/pages\/5253\/revisions"}],"predecessor-version":[{"id":11394,"href":"https:\/\/mikailakar.com\/es\/wp-json\/wp\/v2\/pages\/5253\/revisions\/11394"}],"wp:attachment":[{"href":"https:\/\/mikailakar.com\/es\/wp-json\/wp\/v2\/media?parent=5253"}],"curies":[{"name":"wp","href":"https:\/\/api.w.org\/{rel}","templated":true}]}}