{"id":5297,"date":"2023-07-12T11:21:10","date_gmt":"2023-07-12T11:21:10","guid":{"rendered":"https:\/\/mikailakar.com\/?page_id=5297"},"modified":"2023-07-29T08:27:36","modified_gmt":"2023-07-29T08:27:36","slug":"fechas","status":"publish","type":"page","link":"https:\/\/mikailakar.com\/es\/fechas\/","title":{"rendered":"Fechas"},"content":{"rendered":"\t\t<div data-elementor-type=\"wp-page\" data-elementor-id=\"5297\" class=\"elementor elementor-5297 elementor-64\" data-elementor-post-type=\"page\">\n\t\t\t\t\t\t<section data-particle_enable=\"false\" data-particle-mobile-disabled=\"false\" class=\"elementor-section elementor-top-section elementor-element elementor-element-b5ffc55 elementor-section-boxed elementor-section-height-default elementor-section-height-default\" data-id=\"b5ffc55\" data-element_type=\"section\" data-settings=\"{&quot;background_background&quot;:&quot;classic&quot;}\">\n\t\t\t\t\t\t\t<div class=\"elementor-background-overlay\"><\/div>\n\t\t\t\t\t\t\t<div class=\"elementor-container elementor-column-gap-default\">\n\t\t\t\t\t<div class=\"elementor-column elementor-col-100 elementor-top-column elementor-element elementor-element-5e32767\" data-id=\"5e32767\" data-element_type=\"column\">\n\t\t\t<div class=\"elementor-widget-wrap elementor-element-populated\">\n\t\t\t\t\t\t<section data-particle_enable=\"false\" data-particle-mobile-disabled=\"false\" class=\"elementor-section elementor-inner-section elementor-element elementor-element-6efc430 elementor-section-height-min-height elementor-section-boxed elementor-section-height-default\" data-id=\"6efc430\" data-element_type=\"section\">\n\t\t\t\t\t\t<div class=\"elementor-container elementor-column-gap-default\">\n\t\t\t\t\t<div class=\"elementor-column elementor-col-100 elementor-inner-column elementor-element elementor-element-bca9331\" data-id=\"bca9331\" data-element_type=\"column\">\n\t\t\t<div class=\"elementor-widget-wrap elementor-element-populated\">\n\t\t\t\t\t\t<div class=\"elementor-element elementor-element-6f94217 eael-infobox-content-align--left elementor-widget__width-initial elementor-widget elementor-widget-eael-info-box\" data-id=\"6f94217\" data-element_type=\"widget\" data-widget_type=\"eael-info-box.default\">\n\t\t\t\t<div class=\"elementor-widget-container\">\n\t\t\t\t\t        <div class=\"eael-infobox\">\n\t            <div class=\"infobox-content\">\n            <h1 class=\"title\">M\u00e1s informaci\u00f3n sobre las pr\u00f3ximas fechas de Mikail Akar<\/h1><div>Para mantenerse al d\u00eda, utilice la opci\u00f3n de solicitud de reserva y nos pondremos en contacto con usted.<\/div>        <\/div>\n            <\/div>\n\n\t\t\t\t\t\t<\/div>\n\t\t\t\t<\/div>\n\t\t\t\t<div class=\"elementor-element elementor-element-a2c9d73 elementor-widget elementor-widget-button\" data-id=\"a2c9d73\" data-element_type=\"widget\" data-widget_type=\"button.default\">\n\t\t\t\t<div class=\"elementor-widget-container\">\n\t\t\t\t\t\t\t\t\t<div class=\"elementor-button-wrapper\">\n\t\t\t\t\t<a class=\"elementor-button elementor-button-link elementor-size-sm elementor-animation-float\" href=\"https:\/\/mikailakar.com\/kontakt\/\">\n\t\t\t\t\t\t<span class=\"elementor-button-content-wrapper\">\n\t\t\t\t\t\t\t\t\t<span class=\"elementor-button-text\">Enviar solicitud de reserva \u2192<\/span>\n\t\t\t\t\t<\/span>\n\t\t\t\t\t<\/a>\n\t\t\t\t<\/div>\n\t\t\t\t\t\t\t\t<\/div>\n\t\t\t\t<\/div>\n\t\t\t\t\t<\/div>\n\t\t<\/div>\n\t\t\t\t\t<\/div>\n\t\t<\/section>\n\t\t\t\t\t<\/div>\n\t\t<\/div>\n\t\t\t\t\t<\/div>\n\t\t<\/section>\n\t\t\t\t<section data-particle_enable=\"false\" data-particle-mobile-disabled=\"false\" class=\"elementor-section elementor-top-section elementor-element elementor-element-07cae9f elementor-hidden-tablet_extra elementor-hidden-tablet elementor-hidden-mobile elementor-section-boxed elementor-section-height-default elementor-section-height-default\" data-id=\"07cae9f\" data-element_type=\"section\">\n\t\t\t\t\t\t<div class=\"elementor-container elementor-column-gap-default\">\n\t\t\t\t\t<div class=\"elementor-column elementor-col-100 elementor-top-column elementor-element elementor-element-9e8b5cd\" data-id=\"9e8b5cd\" data-element_type=\"column\">\n\t\t\t<div class=\"elementor-widget-wrap elementor-element-populated\">\n\t\t\t\t\t\t<div class=\"elementor-element elementor-element-62c0e1b elementor-widget elementor-widget-image\" data-id=\"62c0e1b\" data-element_type=\"widget\" data-widget_type=\"image.default\">\n\t\t\t\t<div class=\"elementor-widget-container\">\n\t\t\t\t\t\t\t\t\t\t\t\t\t\t\t<img fetchpriority=\"high\" decoding=\"async\" width=\"1392\" height=\"528\" src=\"https:\/\/mikailakar.com\/wp-content\/uploads\/2023\/07\/termine-bg.jpg\" class=\"attachment-full size-full wp-image-2848\" alt=\"\" srcset=\"https:\/\/mikailakar.com\/wp-content\/uploads\/2023\/07\/termine-bg.jpg 1392w, https:\/\/mikailakar.com\/wp-content\/uploads\/2023\/07\/termine-bg-300x114.jpg 300w, https:\/\/mikailakar.com\/wp-content\/uploads\/2023\/07\/termine-bg-1024x388.jpg 1024w, https:\/\/mikailakar.com\/wp-content\/uploads\/2023\/07\/termine-bg-768x291.jpg 768w\" sizes=\"(max-width: 1392px) 100vw, 1392px\" \/>\t\t\t\t\t\t\t\t\t\t\t\t\t\t\t<\/div>\n\t\t\t\t<\/div>\n\t\t\t\t\t<\/div>\n\t\t<\/div>\n\t\t\t\t\t<\/div>\n\t\t<\/section>\n\t\t\t\t<section data-particle_enable=\"false\" data-particle-mobile-disabled=\"false\" class=\"elementor-section elementor-top-section elementor-element elementor-element-d9b50b5 elementor-section-boxed elementor-section-height-default elementor-section-height-default\" data-id=\"d9b50b5\" data-element_type=\"section\">\n\t\t\t\t\t\t<div class=\"elementor-container elementor-column-gap-default\">\n\t\t\t\t\t<div class=\"elementor-column elementor-col-100 elementor-top-column elementor-element elementor-element-da7b4bf\" data-id=\"da7b4bf\" data-element_type=\"column\">\n\t\t\t<div class=\"elementor-widget-wrap elementor-element-populated\">\n\t\t\t\t\t\t<div class=\"elementor-element elementor-element-f2a3417 uael-heading-align-center elementor-widget__width-initial elementor-hidden-tablet_extra elementor-hidden-tablet elementor-hidden-mobile elementor-widget elementor-widget-uael-advanced-heading\" data-id=\"f2a3417\" data-element_type=\"widget\" data-widget_type=\"uael-advanced-heading.default\">\n\t\t\t\t<div class=\"elementor-widget-container\">\n\t\t\t\t\t\n\t\t<div class=\"uael-module-content uael-heading-wrapper\">\n\t\t\t\t\t\t\t\t\t\t<div class=\"uael-sub-heading elementor-inline-editing\" data-elementor-setting-key=\"sub_heading\" data-elementor-inline-editing-toolbar=\"advanced\" >Diario -<\/div>\n\t\t\t\n\t\t\t<h2 class=\"uael-heading\">\n\t\t\t\t\t\t\t\t\t\t<span class=\"uael-heading-text elementor-inline-editing uael-size--default\" data-elementor-setting-key=\"heading_title\" data-elementor-inline-editing-toolbar=\"basic\">Exposiciones de arte actuales<\/span>\n\t\t\t\t\t\t\t<\/h2>\n\n\t\t\t\n\t\t\t\n\t\t\t\t\t\t\t<div class=\"uael-subheading elementor-inline-editing\" data-elementor-setting-key=\"heading_description\" data-elementor-inline-editing-toolbar=\"advanced\" >\n\t\t\t\t\tDescubra el colorido mundo de las creaciones art\u00edsticas de Michael Akar en las pr\u00f3ximas exposiciones de arte.\t\t\t\t<\/div>\n\t\t\t\t\n\t\t\t\t\t\t<\/div>\n\t\t\t\t\t\t<\/div>\n\t\t\t\t<\/div>\n\t\t\t\t<div class=\"elementor-element elementor-element-45d7890 elementor-grid-tablet_extra-3 elementor-grid-tablet-2 elementor-grid-mobile-1 elementor-grid-3 elementor-widget elementor-widget-loop-grid\" data-id=\"45d7890\" data-element_type=\"widget\" data-settings=\"{&quot;template_id&quot;:6355,&quot;columns_tablet_extra&quot;:3,&quot;columns_tablet&quot;:2,&quot;columns_mobile&quot;:1,&quot;pagination_type&quot;:&quot;load_more_on_click&quot;,&quot;row_gap&quot;:{&quot;unit&quot;:&quot;px&quot;,&quot;size&quot;:30,&quot;sizes&quot;:[]},&quot;masonry&quot;:&quot;yes&quot;,&quot;_skin&quot;:&quot;post&quot;,&quot;columns&quot;:&quot;3&quot;,&quot;edit_handle_selector&quot;:&quot;[data-elementor-type=\\&quot;loop-item\\&quot;]&quot;,&quot;load_more_spinner&quot;:{&quot;value&quot;:&quot;fas fa-spinner&quot;,&quot;library&quot;:&quot;fa-solid&quot;},&quot;row_gap_tablet_extra&quot;:{&quot;unit&quot;:&quot;px&quot;,&quot;size&quot;:&quot;&quot;,&quot;sizes&quot;:[]},&quot;row_gap_tablet&quot;:{&quot;unit&quot;:&quot;px&quot;,&quot;size&quot;:&quot;&quot;,&quot;sizes&quot;:[]},&quot;row_gap_mobile&quot;:{&quot;unit&quot;:&quot;px&quot;,&quot;size&quot;:&quot;&quot;,&quot;sizes&quot;:[]}}\" data-widget_type=\"loop-grid.post\">\n\t\t\t\t<div class=\"elementor-widget-container\">\n\t\t\t\t\t\t\t<div class=\"elementor-loop-container elementor-grid\">\n\t\t<style id=\"loop-6355\">.elementor-widget-section .eael-protected-content-message{font-family:var( --e-global-typography-secondary-font-family ), Sans-serif;font-weight:var( --e-global-typography-secondary-font-weight );}.elementor-widget-section .protected-content-error-msg{font-family:var( --e-global-typography-secondary-font-family ), Sans-serif;font-weight:var( --e-global-typography-secondary-font-weight );}.elementor-6355 .elementor-element.elementor-element-51713bb:not(.elementor-motion-effects-element-type-background), .elementor-6355 .elementor-element.elementor-element-51713bb > .elementor-motion-effects-container > .elementor-motion-effects-layer{background-color:var( --e-global-color-a896177 );}.elementor-6355 .elementor-element.elementor-element-51713bb{border-style:solid;border-width:0px 0px 1px 0px;border-color:var( --e-global-color-f79f62f );box-shadow:5px 8px 24px 0px rgba(0, 0, 0, 0.08);transition:background 0.3s, border 0.3s, border-radius 0.3s, box-shadow 0.3s;padding:14px 14px 90px 14px;}.elementor-6355 .elementor-element.elementor-element-51713bb > .elementor-background-overlay{transition:background 0.3s, border-radius 0.3s, opacity 0.3s;}.elementor-6355 .elementor-element.elementor-element-9485dab > .elementor-container > .elementor-column > .elementor-widget-wrap{align-content:center;align-items:center;}.elementor-widget-image .eael-protected-content-message{font-family:var( --e-global-typography-secondary-font-family ), Sans-serif;font-weight:var( --e-global-typography-secondary-font-weight );}.elementor-widget-image .protected-content-error-msg{font-family:var( --e-global-typography-secondary-font-family ), Sans-serif;font-weight:var( --e-global-typography-secondary-font-weight );}.elementor-widget-image .widget-image-caption{color:var( --e-global-color-text );font-family:var( --e-global-typography-text-font-family ), Sans-serif;font-weight:var( --e-global-typography-text-font-weight );}.elementor-6355 .elementor-element.elementor-element-279c5a5 img{width:100%;}.elementor-widget-heading .eael-protected-content-message{font-family:var( --e-global-typography-secondary-font-family ), Sans-serif;font-weight:var( --e-global-typography-secondary-font-weight );}.elementor-widget-heading .protected-content-error-msg{font-family:var( --e-global-typography-secondary-font-family ), Sans-serif;font-weight:var( --e-global-typography-secondary-font-weight );}.elementor-widget-heading .elementor-heading-title{font-family:var( --e-global-typography-primary-font-family ), Sans-serif;font-weight:var( --e-global-typography-primary-font-weight );color:var( --e-global-color-primary );}.elementor-6355 .elementor-element.elementor-element-afca23e > .elementor-widget-container{margin:10px 0px 0px 0px;}.elementor-6355 .elementor-element.elementor-element-afca23e .elementor-heading-title{font-family:\"Satoshi\", Sans-serif;font-size:24px;font-weight:700;text-transform:uppercase;color:var( --e-global-color-c4a40c1 );}.elementor-6355 .elementor-element.elementor-element-b1a5578 > .elementor-widget-container{margin:0px 0px 0px 0px;}.elementor-6355 .elementor-element.elementor-element-b1a5578 .elementor-heading-title{font-family:\"Satoshi\", Sans-serif;font-size:14px;font-weight:400;text-transform:uppercase;color:var( --e-global-color-c4a40c1 );}.elementor-widget-theme-post-excerpt .eael-protected-content-message{font-family:var( --e-global-typography-secondary-font-family ), Sans-serif;font-weight:var( --e-global-typography-secondary-font-weight );}.elementor-widget-theme-post-excerpt .protected-content-error-msg{font-family:var( --e-global-typography-secondary-font-family ), Sans-serif;font-weight:var( --e-global-typography-secondary-font-weight );}.elementor-widget-theme-post-excerpt .elementor-widget-container{color:var( --e-global-color-text );font-family:var( --e-global-typography-text-font-family ), Sans-serif;font-weight:var( --e-global-typography-text-font-weight );}.elementor-6355 .elementor-element.elementor-element-93d4680 > .elementor-widget-container{margin:10px 0px 10px 0px;}.elementor-6355 .elementor-element.elementor-element-93d4680 .elementor-widget-container{font-family:\"Satoshi\", Sans-serif;font-weight:500;}.elementor-widget-button .elementor-button{background-color:var( --e-global-color-accent );font-family:var( --e-global-typography-accent-font-family ), Sans-serif;font-weight:var( --e-global-typography-accent-font-weight );}.elementor-widget-button .eael-protected-content-message{font-family:var( --e-global-typography-secondary-font-family ), Sans-serif;font-weight:var( --e-global-typography-secondary-font-weight );}.elementor-widget-button .protected-content-error-msg{font-family:var( --e-global-typography-secondary-font-family ), Sans-serif;font-weight:var( --e-global-typography-secondary-font-weight );}.elementor-6355 .elementor-element.elementor-element-0450672 > .elementor-widget-container{margin:0px 0px 0px 0px;}body:not(.rtl) .elementor-6355 .elementor-element.elementor-element-0450672{left:0px;}body.rtl .elementor-6355 .elementor-element.elementor-element-0450672{right:0px;}.elementor-6355 .elementor-element.elementor-element-0450672{bottom:-66px;}.elementor-6355 .elementor-element.elementor-element-294a1a3 > .elementor-widget-container{margin:0px 0px 0px 0px;}body:not(.rtl) .elementor-6355 .elementor-element.elementor-element-294a1a3{left:0px;}body.rtl .elementor-6355 .elementor-element.elementor-element-294a1a3{right:0px;}.elementor-6355 .elementor-element.elementor-element-294a1a3{bottom:-66px;}@media(max-width:1200px){.elementor-6355 .elementor-element.elementor-element-93d4680 > .elementor-widget-container{margin:2px 0px 0px 0px;}}@media(max-width:1024px){.elementor-6355 .elementor-element.elementor-element-afca23e .elementor-heading-title{font-size:20px;}.elementor-6355 .elementor-element.elementor-element-b1a5578 .elementor-heading-title{font-size:20px;}}@media(max-width:767px){.elementor-6355 .elementor-element.elementor-element-afca23e .elementor-heading-title{font-size:18px;}.elementor-6355 .elementor-element.elementor-element-b1a5578 .elementor-heading-title{font-size:18px;}.elementor-6355 .elementor-element.elementor-element-93d4680 .elementor-widget-container{font-size:14px;}}<\/style>\t\t<div data-elementor-type=\"loop-item\" data-elementor-id=\"6355\" class=\"elementor elementor-6355 elementor-2885 e-loop-item e-loop-item-11854 post-11854 termines type-termines status-publish has-post-thumbnail hentry\" data-elementor-post-type=\"elementor_library\" data-custom-edit-handle=\"1\">\n\t\t\t\t\t<section data-particle_enable=\"false\" data-particle-mobile-disabled=\"false\" class=\"elementor-section elementor-top-section elementor-element elementor-element-51713bb elementor-section-boxed elementor-section-height-default elementor-section-height-default\" data-id=\"51713bb\" data-element_type=\"section\" data-settings=\"{&quot;background_background&quot;:&quot;classic&quot;}\">\n\t\t\t\t\t\t<div class=\"elementor-container elementor-column-gap-no\">\n\t\t\t\t\t<div class=\"elementor-column elementor-col-100 elementor-top-column elementor-element elementor-element-4594f1c\" data-id=\"4594f1c\" data-element_type=\"column\">\n\t\t\t<div class=\"elementor-widget-wrap elementor-element-populated\">\n\t\t\t\t\t\t<section data-particle_enable=\"false\" data-particle-mobile-disabled=\"false\" class=\"elementor-section elementor-inner-section elementor-element elementor-element-9485dab elementor-section-content-middle elementor-section-boxed elementor-section-height-default elementor-section-height-default\" data-id=\"9485dab\" data-element_type=\"section\">\n\t\t\t\t\t\t<div class=\"elementor-container elementor-column-gap-default\">\n\t\t\t\t\t<div class=\"elementor-column elementor-col-100 elementor-inner-column elementor-element elementor-element-5ef2d7a\" data-id=\"5ef2d7a\" data-element_type=\"column\">\n\t\t\t<div class=\"elementor-widget-wrap elementor-element-populated\">\n\t\t\t\t\t\t<div class=\"elementor-element elementor-element-279c5a5 elementor-widget elementor-widget-image\" data-id=\"279c5a5\" data-element_type=\"widget\" data-widget_type=\"image.default\">\n\t\t\t\t<div class=\"elementor-widget-container\">\n\t\t\t\t\t\t\t\t\t\t\t\t\t\t\t<img decoding=\"async\" width=\"1131\" height=\"1600\" src=\"https:\/\/mikailakar.com\/wp-content\/uploads\/2026\/03\/WhatsApp-Image-2026-03-04-at-20.01.04.jpeg\" class=\"attachment-full size-full wp-image-11829\" alt=\"Mikail Akar First Decade\" srcset=\"https:\/\/mikailakar.com\/wp-content\/uploads\/2026\/03\/WhatsApp-Image-2026-03-04-at-20.01.04.jpeg 1131w, https:\/\/mikailakar.com\/wp-content\/uploads\/2026\/03\/WhatsApp-Image-2026-03-04-at-20.01.04-212x300.jpeg 212w, https:\/\/mikailakar.com\/wp-content\/uploads\/2026\/03\/WhatsApp-Image-2026-03-04-at-20.01.04-724x1024.jpeg 724w, https:\/\/mikailakar.com\/wp-content\/uploads\/2026\/03\/WhatsApp-Image-2026-03-04-at-20.01.04-768x1086.jpeg 768w, https:\/\/mikailakar.com\/wp-content\/uploads\/2026\/03\/WhatsApp-Image-2026-03-04-at-20.01.04-1086x1536.jpeg 1086w\" sizes=\"(max-width: 1131px) 100vw, 1131px\" \/>\t\t\t\t\t\t\t\t\t\t\t\t\t\t\t<\/div>\n\t\t\t\t<\/div>\n\t\t\t\t\t<\/div>\n\t\t<\/div>\n\t\t\t\t\t<\/div>\n\t\t<\/section>\n\t\t\t\t<div class=\"elementor-element elementor-element-afca23e elementor-widget elementor-widget-heading\" data-id=\"afca23e\" data-element_type=\"widget\" data-widget_type=\"heading.default\">\n\t\t\t\t<div class=\"elementor-widget-container\">\n\t\t\t\t\t<h3 class=\"elementor-heading-title elementor-size-default\">\u00abThe first Decade\u00bb<\/h3>\t\t\t\t<\/div>\n\t\t\t\t<\/div>\n\t\t\t\t<div class=\"elementor-element elementor-element-b1a5578 elementor-widget elementor-widget-heading\" data-id=\"b1a5578\" data-element_type=\"widget\" data-widget_type=\"heading.default\">\n\t\t\t\t<div class=\"elementor-widget-container\">\n\t\t\t\t\t<h6 class=\"elementor-heading-title elementor-size-default\">24.04.2026, Galerie Trittli-Gasse, Schweiz<\/h6>\t\t\t\t<\/div>\n\t\t\t\t<\/div>\n\t\t\t\t<div class=\"elementor-element elementor-element-93d4680 elementor-widget elementor-widget-theme-post-excerpt\" data-id=\"93d4680\" data-element_type=\"widget\" data-widget_type=\"theme-post-excerpt.default\">\n\t\t\t\t<div class=\"elementor-widget-container\">\n\t\t\t\t\t<p>Register now for free for the art exhibition \u2018The First Decade\u2019 on 24 April 2026 at the Trittli-Gasse Gallery in Switzerland.<\/p>\n\t\t\t\t<\/div>\n\t\t\t\t<\/div>\n\t\t\t\t<div class=\"elementor-element elementor-element-294a1a3 elementor-align-justify elementor-absolute elementor-widget elementor-widget-button\" data-id=\"294a1a3\" data-element_type=\"widget\" data-settings=\"{&quot;_position&quot;:&quot;absolute&quot;}\" data-widget_type=\"button.default\">\n\t\t\t\t<div class=\"elementor-widget-container\">\n\t\t\t\t\t\t\t\t\t<div class=\"elementor-button-wrapper\">\n\t\t\t\t\t<a class=\"elementor-button elementor-button-link elementor-size-sm\" href=\"https:\/\/mikailakar.com\/anmeldung-fuer-the-first-decade-schweiz\/\">\n\t\t\t\t\t\t<span class=\"elementor-button-content-wrapper\">\n\t\t\t\t\t\t\t\t\t<span class=\"elementor-button-text\">Eventdetails \u2192<\/span>\n\t\t\t\t\t<\/span>\n\t\t\t\t\t<\/a>\n\t\t\t\t<\/div>\n\t\t\t\t\t\t\t\t<\/div>\n\t\t\t\t<\/div>\n\t\t\t\t\t<\/div>\n\t\t<\/div>\n\t\t\t\t\t<\/div>\n\t\t<\/section>\n\t\t\t\t<\/div>\n\t\t\t\t<\/div>\n\t\t\t\t\t<span class=\"e-load-more-spinner\">\n\t\t\t\t<i aria-hidden=\"true\" class=\"fas fa-spinner\"><\/i>\t\t\t<\/span>\n\t\t\n\t\t\t\t\t\t<\/div>\n\t\t\t\t<\/div>\n\t\t\t\t\t<\/div>\n\t\t<\/div>\n\t\t\t\t\t<\/div>\n\t\t<\/section>\n\t\t\t\t<\/div>\n\t\t","protected":false},"excerpt":{"rendered":"<p>M\u00e1s informaci\u00f3n sobre las pr\u00f3ximas fechas de Mikail Akar Para mantenerse al d\u00eda, utilice la opci\u00f3n de solicitud de reserva y nos pondremos en contacto con usted. Enviar solicitud de reserva \u2192 Diario &#8211; Exposiciones de arte actuales Descubra el colorido mundo de las creaciones art\u00edsticas de Michael Akar en las pr\u00f3ximas exposiciones de arte.<\/p>\n","protected":false},"author":2,"featured_media":0,"parent":0,"menu_order":0,"comment_status":"closed","ping_status":"closed","template":"","meta":{"_acf_changed":false,"footnotes":""},"class_list":["post-5297","page","type-page","status-publish","hentry"],"acf":[],"_links":{"self":[{"href":"https:\/\/mikailakar.com\/es\/wp-json\/wp\/v2\/pages\/5297","targetHints":{"allow":["GET"]}}],"collection":[{"href":"https:\/\/mikailakar.com\/es\/wp-json\/wp\/v2\/pages"}],"about":[{"href":"https:\/\/mikailakar.com\/es\/wp-json\/wp\/v2\/types\/page"}],"author":[{"embeddable":true,"href":"https:\/\/mikailakar.com\/es\/wp-json\/wp\/v2\/users\/2"}],"replies":[{"embeddable":true,"href":"https:\/\/mikailakar.com\/es\/wp-json\/wp\/v2\/comments?post=5297"}],"version-history":[{"count":6,"href":"https:\/\/mikailakar.com\/es\/wp-json\/wp\/v2\/pages\/5297\/revisions"}],"predecessor-version":[{"id":6564,"href":"https:\/\/mikailakar.com\/es\/wp-json\/wp\/v2\/pages\/5297\/revisions\/6564"}],"wp:attachment":[{"href":"https:\/\/mikailakar.com\/es\/wp-json\/wp\/v2\/media?parent=5297"}],"curies":[{"name":"wp","href":"https:\/\/api.w.org\/{rel}","templated":true}]}}