{"id":5328,"date":"2023-07-19T10:19:35","date_gmt":"2023-07-19T10:19:35","guid":{"rendered":"https:\/\/mikailakar.com\/?page_id=5328"},"modified":"2023-07-24T14:13:34","modified_gmt":"2023-07-24T14:13:34","slug":"pie-de-imprenta","status":"publish","type":"page","link":"https:\/\/mikailakar.com\/es\/pie-de-imprenta\/","title":{"rendered":"Pie de imprenta"},"content":{"rendered":"\t\t<div data-elementor-type=\"wp-page\" data-elementor-id=\"5328\" class=\"elementor elementor-5328 elementor-3274\" data-elementor-post-type=\"page\">\n\t\t\t\t\t\t<section data-particle_enable=\"false\" data-particle-mobile-disabled=\"false\" class=\"elementor-section elementor-top-section elementor-element elementor-element-aad652e elementor-section-boxed elementor-section-height-default elementor-section-height-default\" data-id=\"aad652e\" data-element_type=\"section\" data-settings=\"{&quot;background_background&quot;:&quot;classic&quot;}\">\n\t\t\t\t\t\t\t<div class=\"elementor-background-overlay\"><\/div>\n\t\t\t\t\t\t\t<div class=\"elementor-container elementor-column-gap-default\">\n\t\t\t\t\t<div class=\"elementor-column elementor-col-100 elementor-top-column elementor-element elementor-element-b037bb0\" data-id=\"b037bb0\" data-element_type=\"column\">\n\t\t\t<div class=\"elementor-widget-wrap elementor-element-populated\">\n\t\t\t\t\t\t<section data-particle_enable=\"false\" data-particle-mobile-disabled=\"false\" class=\"elementor-section elementor-inner-section elementor-element elementor-element-52faac9 elementor-section-height-min-height elementor-section-boxed elementor-section-height-default\" data-id=\"52faac9\" data-element_type=\"section\">\n\t\t\t\t\t\t<div class=\"elementor-container elementor-column-gap-default\">\n\t\t\t\t\t<div class=\"elementor-column elementor-col-100 elementor-inner-column elementor-element elementor-element-4c80cf5\" data-id=\"4c80cf5\" data-element_type=\"column\">\n\t\t\t<div class=\"elementor-widget-wrap elementor-element-populated\">\n\t\t\t\t\t\t<div class=\"elementor-element elementor-element-07d92c3 eael-infobox-content-align--left elementor-widget__width-initial elementor-widget elementor-widget-eael-info-box\" data-id=\"07d92c3\" data-element_type=\"widget\" data-widget_type=\"eael-info-box.default\">\n\t\t\t\t<div class=\"elementor-widget-container\">\n\t\t\t\t\t        <div class=\"eael-infobox\">\n\t            <div class=\"infobox-content\">\n            <h1 class=\"title\">Pie de imprenta<\/h1><div>En esta p\u00e1gina encontrar\u00e1 toda la informaci\u00f3n legal necesaria para nuestro sitio web de conformidad con los requisitos legales.<\/div>        <\/div>\n            <\/div>\n\n\t\t\t\t\t\t<\/div>\n\t\t\t\t<\/div>\n\t\t\t\t\t<\/div>\n\t\t<\/div>\n\t\t\t\t\t<\/div>\n\t\t<\/section>\n\t\t\t\t\t<\/div>\n\t\t<\/div>\n\t\t\t\t\t<\/div>\n\t\t<\/section>\n\t\t\t\t<section data-particle_enable=\"false\" data-particle-mobile-disabled=\"false\" class=\"elementor-section elementor-top-section elementor-element elementor-element-8d36d38 elementor-section-boxed elementor-section-height-default elementor-section-height-default\" data-id=\"8d36d38\" data-element_type=\"section\">\n\t\t\t\t\t\t<div class=\"elementor-container elementor-column-gap-default\">\n\t\t\t\t\t<div class=\"elementor-column elementor-col-100 elementor-top-column elementor-element elementor-element-ea869c5\" data-id=\"ea869c5\" data-element_type=\"column\">\n\t\t\t<div class=\"elementor-widget-wrap elementor-element-populated\">\n\t\t\t\t\t\t<div class=\"elementor-element elementor-element-d4fb2c5 elementor-widget elementor-widget-text-editor\" data-id=\"d4fb2c5\" data-element_type=\"widget\" data-widget_type=\"text-editor.default\">\n\t\t\t\t<div class=\"elementor-widget-container\">\n\t\t\t\t\t\t\t\t\t<p><b>INFORMACI\u00d3N SEG\u00daN EL \u00a7 5 TMG<br>\n<\/b><br>\nKerem Akar<br>\nBeethovenstr. 143<br>\n50259 Pulheim<\/p>\n<p><b>CONTACTO<br><\/b><span style=\"color: var( --e-global-color-text ); font-family: var( --e-global-typography-text-font-family ), Sans-serif;\"><b><br><\/b><span style=\"font-weight: var( --e-global-typography-text-font-weight );\">Correo electr\u00f3nico: <span \n                data-original-string='INUlwOd2\/1MLHPx9KQh8JA==c01Nhuu6J3RfbHNFSMSsxGQXPHLTffpD8fapzI5\/iTuO94='\n                class='apbct-email-encoder'\n                title='This contact has been encoded by Anti-Spam by CleanTalk. Click to decode. To finish the decoding make sure that JavaScript is enabled in your browser.'>he<span class=\"apbct-blur\">***<\/span>@<span class=\"apbct-blur\">********<\/span>ar.com<\/span><br><\/span><\/span><span style=\"color: var( --e-global-color-text ); font-family: var( --e-global-typography-text-font-family ), Sans-serif; font-weight: var( --e-global-typography-text-font-weight );\">TEL: 0157 \/ 33280352<br><\/span><span style=\"color: var( --e-global-color-text ); font-family: var( --e-global-typography-text-font-family ), Sans-serif; font-weight: var( --e-global-typography-text-font-weight );\">Internet: www.mikailakar.com<\/span><\/p>\n<p><strong>DESCARGO DE RESPONSABILIDAD<\/strong><\/p>\n<p>Como proveedor de servicios, somos responsables seg\u00fan el \u00a7 7 Abs.1 TMG de los contenidos propios de estas p\u00e1ginas de acuerdo con las leyes generales. Sin embargo, seg\u00fan los \u00a7\u00a7 8 a 10 TMG, no estamos obligados como proveedor de servicios a supervisar la informaci\u00f3n transmitida o almacenada de terceros ni a investigar circunstancias que indiquen una actividad ilegal. Las obligaciones de eliminar o bloquear el uso de informaci\u00f3n seg\u00fan las leyes generales no se ver\u00e1n afectadas por esto. Sin embargo, la responsabilidad a este respecto solo es posible a partir del momento en que se tenga conocimiento de una infracci\u00f3n concreta. En cuanto tengamos conocimiento de las correspondientes infracciones, eliminaremos estos contenidos de inmediato.<\/p>\n<p><b>Responsabilidad por enlaces<\/b><\/p>\n<p>Nuestra oferta contiene enlaces a sitios web externos de terceros, cuyos contenidos no tenemos influencia. Por lo tanto, no podemos asumir ninguna garant\u00eda por estos contenidos externos. El respectivo proveedor o operador de las p\u00e1ginas enlazadas es siempre responsable de su contenido. En el momento de establecer el enlace, las p\u00e1ginas enlazadas fueron revisadas en busca de posibles infracciones legales. Los contenidos ilegales no eran reconocibles en el momento de establecer el enlace. Sin embargo, un control permanente del contenido de las p\u00e1ginas enlazadas no es razonable sin pruebas concretas de una infracci\u00f3n. En cuanto tengamos conocimiento de las infracciones legales, eliminaremos de inmediato dichos enlaces.<\/p>\n<p><b>Derechos de autor<\/b><\/p>\n<p>Los contenidos y obras creados por los operadores de estas p\u00e1ginas est\u00e1n sujetos al derecho de autor alem\u00e1n. La reproducci\u00f3n, edici\u00f3n, distribuci\u00f3n y cualquier tipo de explotaci\u00f3n fuera de los l\u00edmites del derecho de autor requieren el consentimiento por escrito del respectivo autor o creador. Las descargas y copias de esta p\u00e1gina solo est\u00e1n permitidas para uso privado y no comercial. En la medida en que los contenidos de esta p\u00e1gina no fueron creados por el operador, se respetan los derechos de autor de terceros. Los contenidos de terceros est\u00e1n marcados como tales. Si a pesar de ello, se detecta una infracci\u00f3n de derechos de autor, rogamos que nos lo notifiquen. En cuanto tengamos conocimiento de infracciones legales, eliminaremos de inmediato dichos contenidos.<\/p>\t\t\t\t\t\t\t\t<\/div>\n\t\t\t\t<\/div>\n\t\t\t\t\t<\/div>\n\t\t<\/div>\n\t\t\t\t\t<\/div>\n\t\t<\/section>\n\t\t\t\t<\/div>\n\t\t","protected":false},"excerpt":{"rendered":"<p>Pie de imprenta En esta p\u00e1gina encontrar\u00e1 toda la informaci\u00f3n legal necesaria para nuestro sitio web de conformidad con los requisitos legales. INFORMACI\u00d3N SEG\u00daN EL \u00a7 5 TMG Kerem Akar Beethovenstr. 143 50259 Pulheim CONTACTOCorreo electr\u00f3nico: he***@********ar.comTEL: 0157 \/ 33280352Internet: www.mikailakar.com DESCARGO DE RESPONSABILIDAD Como proveedor de servicios, somos responsables seg\u00fan el \u00a7 7 Abs.1 [&hellip;]<\/p>\n","protected":false},"author":2,"featured_media":0,"parent":0,"menu_order":0,"comment_status":"closed","ping_status":"closed","template":"","meta":{"_acf_changed":false,"footnotes":""},"class_list":["post-5328","page","type-page","status-publish","hentry"],"acf":[],"_links":{"self":[{"href":"https:\/\/mikailakar.com\/es\/wp-json\/wp\/v2\/pages\/5328","targetHints":{"allow":["GET"]}}],"collection":[{"href":"https:\/\/mikailakar.com\/es\/wp-json\/wp\/v2\/pages"}],"about":[{"href":"https:\/\/mikailakar.com\/es\/wp-json\/wp\/v2\/types\/page"}],"author":[{"embeddable":true,"href":"https:\/\/mikailakar.com\/es\/wp-json\/wp\/v2\/users\/2"}],"replies":[{"embeddable":true,"href":"https:\/\/mikailakar.com\/es\/wp-json\/wp\/v2\/comments?post=5328"}],"version-history":[{"count":8,"href":"https:\/\/mikailakar.com\/es\/wp-json\/wp\/v2\/pages\/5328\/revisions"}],"predecessor-version":[{"id":5336,"href":"https:\/\/mikailakar.com\/es\/wp-json\/wp\/v2\/pages\/5328\/revisions\/5336"}],"wp:attachment":[{"href":"https:\/\/mikailakar.com\/es\/wp-json\/wp\/v2\/media?parent=5328"}],"curies":[{"name":"wp","href":"https:\/\/api.w.org\/{rel}","templated":true}]}}