{"id":4547,"date":"2023-07-12T11:19:48","date_gmt":"2023-07-12T09:19:48","guid":{"rendered":"https:\/\/mikailakar.com\/?page_id=4547"},"modified":"2025-12-27T17:12:17","modified_gmt":"2025-12-27T16:12:17","slug":"a-propos-de-moi","status":"publish","type":"page","link":"https:\/\/mikailakar.com\/fr\/a-propos-de-moi\/","title":{"rendered":"De Moi"},"content":{"rendered":"\t\t<div data-elementor-type=\"wp-page\" data-elementor-id=\"4547\" class=\"elementor elementor-4547 elementor-58\" data-elementor-post-type=\"page\">\n\t\t\t\t\t\t<section data-particle_enable=\"false\" data-particle-mobile-disabled=\"false\" class=\"elementor-section elementor-top-section elementor-element elementor-element-88cf66f elementor-section-boxed elementor-section-height-default elementor-section-height-default\" data-id=\"88cf66f\" data-element_type=\"section\" data-settings=\"{&quot;background_background&quot;:&quot;classic&quot;}\">\n\t\t\t\t\t\t\t<div class=\"elementor-background-overlay\"><\/div>\n\t\t\t\t\t\t\t<div class=\"elementor-container elementor-column-gap-default\">\n\t\t\t\t\t<div class=\"elementor-column elementor-col-100 elementor-top-column elementor-element elementor-element-5d67b35\" data-id=\"5d67b35\" data-element_type=\"column\">\n\t\t\t<div class=\"elementor-widget-wrap elementor-element-populated\">\n\t\t\t\t\t\t<section data-particle_enable=\"false\" data-particle-mobile-disabled=\"false\" class=\"elementor-section elementor-inner-section elementor-element elementor-element-69d5cd7 elementor-section-height-min-height elementor-section-boxed elementor-section-height-default\" data-id=\"69d5cd7\" data-element_type=\"section\">\n\t\t\t\t\t\t<div class=\"elementor-container elementor-column-gap-default\">\n\t\t\t\t\t<div class=\"elementor-column elementor-col-100 elementor-inner-column elementor-element elementor-element-86ace96\" data-id=\"86ace96\" data-element_type=\"column\">\n\t\t\t<div class=\"elementor-widget-wrap elementor-element-populated\">\n\t\t\t\t\t\t<div class=\"elementor-element elementor-element-09dc91c elementor-widget__width-initial eael-infobox-content-align--center elementor-widget elementor-widget-eael-info-box\" data-id=\"09dc91c\" data-element_type=\"widget\" data-widget_type=\"eael-info-box.default\">\n\t\t\t\t<div class=\"elementor-widget-container\">\n\t\t\t\t\t        <div class=\"eael-infobox\">\n\t            <div class=\"infobox-content\">\n            <h1 class=\"title\">A propos de l'artiste Mikail Akar<\/h1><div><p>Son parcours a commenc\u00e9 \u00e0 l&rsquo;\u00e2ge de quatre ans et aujourd&rsquo;hui, \u00e0 13 ans, il se m\u00eale au march\u00e9 international de l&rsquo;art et expose dans le monde entier.<\/p><\/div>        <\/div>\n            <\/div>\n\n\t\t\t\t\t\t<\/div>\n\t\t\t\t<\/div>\n\t\t\t\t\t<\/div>\n\t\t<\/div>\n\t\t\t\t\t<\/div>\n\t\t<\/section>\n\t\t\t\t\t<\/div>\n\t\t<\/div>\n\t\t\t\t\t<\/div>\n\t\t<\/section>\n\t\t\t\t<section data-particle_enable=\"false\" data-particle-mobile-disabled=\"false\" class=\"elementor-section elementor-top-section elementor-element elementor-element-d9e5d55 elementor-section-boxed elementor-section-height-default elementor-section-height-default\" data-id=\"d9e5d55\" data-element_type=\"section\" data-settings=\"{&quot;background_background&quot;:&quot;classic&quot;}\">\n\t\t\t\t\t\t<div class=\"elementor-container elementor-column-gap-default\">\n\t\t\t\t\t<div class=\"elementor-column elementor-col-100 elementor-top-column elementor-element elementor-element-b408c8a\" data-id=\"b408c8a\" data-element_type=\"column\">\n\t\t\t<div class=\"elementor-widget-wrap elementor-element-populated\">\n\t\t\t\t\t\t<div class=\"elementor-element elementor-element-a15accc mobile-full-img elementor-widget elementor-widget-image\" data-id=\"a15accc\" data-element_type=\"widget\" data-widget_type=\"image.default\">\n\t\t\t\t<div class=\"elementor-widget-container\">\n\t\t\t\t\t\t\t\t\t\t\t\t\t\t\t<img fetchpriority=\"high\" decoding=\"async\" width=\"1500\" height=\"820\" src=\"https:\/\/mikailakar.com\/wp-content\/uploads\/2025\/02\/Mikail-Akar-Kunsterwerke-Koln.png\" class=\"attachment-full size-full wp-image-10730\" alt=\"Mikail Akar - Kunsterwerke - K\u00f6ln\" srcset=\"https:\/\/mikailakar.com\/wp-content\/uploads\/2025\/02\/Mikail-Akar-Kunsterwerke-Koln.png 1500w, https:\/\/mikailakar.com\/wp-content\/uploads\/2025\/02\/Mikail-Akar-Kunsterwerke-Koln-300x164.png 300w, https:\/\/mikailakar.com\/wp-content\/uploads\/2025\/02\/Mikail-Akar-Kunsterwerke-Koln-1024x560.png 1024w, https:\/\/mikailakar.com\/wp-content\/uploads\/2025\/02\/Mikail-Akar-Kunsterwerke-Koln-768x420.png 768w\" sizes=\"(max-width: 1500px) 100vw, 1500px\" \/>\t\t\t\t\t\t\t\t\t\t\t\t\t\t\t<\/div>\n\t\t\t\t<\/div>\n\t\t\t\t<div class=\"elementor-element elementor-element-4f02b78 elementor-widget elementor-widget-heading\" data-id=\"4f02b78\" data-element_type=\"widget\" data-widget_type=\"heading.default\">\n\t\t\t\t<div class=\"elementor-widget-container\">\n\t\t\t\t\t<h2 class=\"elementor-heading-title elementor-size-default\">Les \u0153uvres d'art uniques de Mikail Akar \u00e0 la conqu\u00eate du monde <\/h2>\t\t\t\t<\/div>\n\t\t\t\t<\/div>\n\t\t\t\t<section data-particle_enable=\"false\" data-particle-mobile-disabled=\"false\" class=\"elementor-section elementor-inner-section elementor-element elementor-element-40a783b elementor-section-boxed elementor-section-height-default elementor-section-height-default\" data-id=\"40a783b\" data-element_type=\"section\">\n\t\t\t\t\t\t<div class=\"elementor-container elementor-column-gap-default\">\n\t\t\t\t\t<div class=\"elementor-column elementor-col-100 elementor-inner-column elementor-element elementor-element-7b7c78b\" data-id=\"7b7c78b\" data-element_type=\"column\">\n\t\t\t<div class=\"elementor-widget-wrap elementor-element-populated\">\n\t\t\t\t\t\t<div class=\"elementor-element elementor-element-3ebb5f9 elementor-widget elementor-widget-text-editor\" data-id=\"3ebb5f9\" data-element_type=\"widget\" data-widget_type=\"text-editor.default\">\n\t\t\t\t<div class=\"elementor-widget-container\">\n\t\t\t\t\t\t\t\t\t<p>\u00c0 seulement 13 ans, Mikail Akar r\u00e9volutionne la sc\u00e8ne artistique internationale et captive les gens du monde entier. Son voyage a commenc\u00e9 \u00e0 l&rsquo;\u00e2ge de quatre ans, lorsqu&rsquo;il a saisi un pinceau pour la premi\u00e8re fois\u2014un moment qui s&rsquo;est r\u00e9v\u00e9l\u00e9 magique. D\u00e8s sa toute premi\u00e8re exposition, toutes ses \u0153uvres ont \u00e9t\u00e9 vendues, t\u00e9moignant ainsi de son talent exceptionnel. Aujourd\u2019hui, ses \u0153uvres ne sont pas seulement convoit\u00e9es, elles sont de v\u00e9ritables pi\u00e8ces de collection. Son style unique\u2014une explosion de couleurs, des textures puissantes et des \u00e9motions profondes\u2014fascine les amateurs d&rsquo;art, les collectionneurs et les critiques.<\/p><p>L&rsquo;art de Mikail a conquis les galeries et foires d&rsquo;art les plus prestigieuses. Ses \u0153uvres ont \u00e9t\u00e9 expos\u00e9es dans les grandes capitales artistiques du monde, telles que New York, Miami, Istanbul, Vienne, Zurich, Berlin, Palma et Cologne. \u00c0 New York, il a eu plusieurs expositions en solo acclam\u00e9es, notamment \u00e0 la renomm\u00e9e Gallery High Line Nine et au One World Trade Center. Premier artiste europ\u00e9en \u00e0 r\u00e9aliser une performance de peinture en direct sur la plateforme d&rsquo;observation de l\u2019Empire State Building, il a marqu\u00e9 l&rsquo;histoire de l&rsquo;art. Lors de la Miami Art Week 2023, il est devenu le plus jeune exposant de la Spectrum Miami Art Fair. Avec son \u0153uvre monumentale de 50 m\u00e8tres, il a repouss\u00e9 les limites de la peinture sur toile et \u00e9tabli de nouveaux standards dans l\u2019art contemporain.\u00a0<\/p><p>L&rsquo;ascension fulgurante de Mikail n&rsquo;est pas pass\u00e9e inaper\u00e7ue. Les plus grands m\u00e9dias internationaux, tels que The New York Times, New York Post, CNN, BBC, Forbes, Daily Mail et Newsweek, ont couvert son talent exceptionnel. Ses \u0153uvres sont c\u00e9l\u00e9br\u00e9es comme visionnaires, r\u00e9volutionnaires et avant-gardistes. Sa carri\u00e8re n&rsquo;est pas seulement hors du commun\u2014elle est une source d&rsquo;inspiration pour la prochaine g\u00e9n\u00e9ration d&rsquo;artistes. Mikail est per\u00e7u non seulement comme un peintre talentueux, mais aussi comme l\u2019une des voix cr\u00e9atives les plus influentes de son \u00e9poque.<\/p>\t\t\t\t\t\t\t\t<\/div>\n\t\t\t\t<\/div>\n\t\t\t\t\t<\/div>\n\t\t<\/div>\n\t\t\t\t\t<\/div>\n\t\t<\/section>\n\t\t\t\t<div class=\"elementor-element elementor-element-f9ee852 elementor-widget elementor-widget-image\" data-id=\"f9ee852\" data-element_type=\"widget\" data-widget_type=\"image.default\">\n\t\t\t\t<div class=\"elementor-widget-container\">\n\t\t\t\t\t\t\t\t\t\t\t\t\t\t\t<img decoding=\"async\" width=\"1500\" height=\"820\" src=\"https:\/\/mikailakar.com\/wp-content\/uploads\/2025\/02\/Mikail-Akar-Kunstwerke.png\" class=\"attachment-full size-full wp-image-10723\" alt=\"Mikail Akar - Kunstwerke\" srcset=\"https:\/\/mikailakar.com\/wp-content\/uploads\/2025\/02\/Mikail-Akar-Kunstwerke.png 1500w, https:\/\/mikailakar.com\/wp-content\/uploads\/2025\/02\/Mikail-Akar-Kunstwerke-300x164.png 300w, https:\/\/mikailakar.com\/wp-content\/uploads\/2025\/02\/Mikail-Akar-Kunstwerke-1024x560.png 1024w, https:\/\/mikailakar.com\/wp-content\/uploads\/2025\/02\/Mikail-Akar-Kunstwerke-768x420.png 768w\" sizes=\"(max-width: 1500px) 100vw, 1500px\" \/>\t\t\t\t\t\t\t\t\t\t\t\t\t\t\t<\/div>\n\t\t\t\t<\/div>\n\t\t\t\t<div class=\"elementor-element elementor-element-47b2983 elementor-widget elementor-widget-text-editor\" data-id=\"47b2983\" data-element_type=\"widget\" data-widget_type=\"text-editor.default\">\n\t\t\t\t<div class=\"elementor-widget-container\">\n\t\t\t\t\t\t\t\t\t<p data-start=\"2058\" data-end=\"2807\">Mikail est bien plus qu&rsquo;un talent hors du commun\u2014il utilise son art pour changer le monde de mani\u00e8re positive. Avec son projet <em data-start=\"2185\" data-end=\"2203\">Upcycling 4 Life<\/em>, il s\u2019engage en faveur du d\u00e9veloppement durable en transformant des mat\u00e9riaux usag\u00e9s\u2014y compris de v\u00e9ritables d\u00e9bris d&rsquo;avions\u2014en \u0153uvres d&rsquo;art fascinantes. Il est activement impliqu\u00e9 dans des \u0153uvres caritatives, soutenant des organisations pour enfants et travaillant en \u00e9troite collaboration avec des hospices pour enfants. En tant qu&rsquo;ambassadeur de la <em data-start=\"2556\" data-end=\"2578\">Fondation KinderHerz<\/em>, il \u0153uvre sans rel\u00e2che pour aider les enfants gravement malades. Ses ventes aux ench\u00e8res caritatives ont d\u00e9j\u00e0 permis de r\u00e9colter des sommes consid\u00e9rables pour de nobles causes, offrant un avenir meilleur \u00e0 de nombreux enfants.&nbsp;<\/p>\n<p data-start=\"2809\" data-end=\"3516\">Mikail a collabor\u00e9 avec certaines des plus grandes marques du monde, notamment Rolls-Royce, Gerolsteiner, Uber Allemagne, l\u2019Empire State Building et le Mus\u00e9e Guggenheim. En 2023, le Mus\u00e9e Guggenheim a mis aux ench\u00e8res l&rsquo;une de ses \u0153uvres\u2014un jalon marquant qui affirme son statut d\u2019artiste incontournable. Ses \u0153uvres sont repr\u00e9sent\u00e9es dans des galeries prestigieuses, telles que la <em data-start=\"3190\" data-end=\"3211\">Galerie Mond Berlin et<\/em>&nbsp;la <em data-start=\"3216\" data-end=\"3240\">Gallery Gerhardt Braun<\/em> \u00e0 Palma. Ses cr\u00e9ations ne sont pas seulement des \u0153uvres d&rsquo;art, elles sont de v\u00e9ritables d\u00e9clarations qui portent le luxe, l&rsquo;innovation et la profondeur artistique \u00e0 un niveau in\u00e9dit. Il red\u00e9finit l&rsquo;art et \u00e9tablit de nouvelles normes pour l&rsquo;avenir.<\/p>\n<p data-start=\"3518\" data-end=\"3823\" data-is-last-node=\"\">Malgr\u00e9 son succ\u00e8s mondial, Mikail reste humble. Il vit avec sa famille \u00e0 Cologne et fr\u00e9quente une \u00e9cole internationale, qui lui offre une perspective globale. Mais une chose est certaine : son voyage ne fait que commencer\u2014et le monde de l\u2019art attend avec impatience de d\u00e9couvrir son prochain chef-d&rsquo;\u0153uvre.<\/p>\t\t\t\t\t\t\t\t<\/div>\n\t\t\t\t<\/div>\n\t\t\t\t\t<\/div>\n\t\t<\/div>\n\t\t\t\t\t<\/div>\n\t\t<\/section>\n\t\t\t\t<\/div>\n\t\t","protected":false},"excerpt":{"rendered":"<p>A propos de l&rsquo;artiste Mikail Akar Son parcours a commenc\u00e9 \u00e0 l&#8217;\u00e2ge de quatre ans et aujourd&#8217;hui, \u00e0 13 ans, il se m\u00eale au march\u00e9 international de l&#8217;art et expose dans le monde entier. Les \u0153uvres d&rsquo;art uniques de Mikail Akar \u00e0 la conqu\u00eate du monde \u00c0 seulement 13 ans, Mikail Akar r\u00e9volutionne la sc\u00e8ne [&hellip;]<\/p>\n","protected":false},"author":2,"featured_media":0,"parent":0,"menu_order":0,"comment_status":"closed","ping_status":"closed","template":"","meta":{"_acf_changed":false,"footnotes":""},"class_list":["post-4547","page","type-page","status-publish","hentry"],"acf":[],"_links":{"self":[{"href":"https:\/\/mikailakar.com\/fr\/wp-json\/wp\/v2\/pages\/4547","targetHints":{"allow":["GET"]}}],"collection":[{"href":"https:\/\/mikailakar.com\/fr\/wp-json\/wp\/v2\/pages"}],"about":[{"href":"https:\/\/mikailakar.com\/fr\/wp-json\/wp\/v2\/types\/page"}],"author":[{"embeddable":true,"href":"https:\/\/mikailakar.com\/fr\/wp-json\/wp\/v2\/users\/2"}],"replies":[{"embeddable":true,"href":"https:\/\/mikailakar.com\/fr\/wp-json\/wp\/v2\/comments?post=4547"}],"version-history":[{"count":27,"href":"https:\/\/mikailakar.com\/fr\/wp-json\/wp\/v2\/pages\/4547\/revisions"}],"predecessor-version":[{"id":11390,"href":"https:\/\/mikailakar.com\/fr\/wp-json\/wp\/v2\/pages\/4547\/revisions\/11390"}],"wp:attachment":[{"href":"https:\/\/mikailakar.com\/fr\/wp-json\/wp\/v2\/media?parent=4547"}],"curies":[{"name":"wp","href":"https:\/\/api.w.org\/{rel}","templated":true}]}}