{"id":7045,"date":"2023-08-01T07:45:14","date_gmt":"2023-08-01T07:45:14","guid":{"rendered":"https:\/\/mikailakar.com\/vente-aux-encheres-dart\/"},"modified":"2023-08-20T21:09:29","modified_gmt":"2023-08-20T21:09:29","slug":"vente-aux-encheres-dart","status":"publish","type":"page","link":"https:\/\/mikailakar.com\/fr\/vente-aux-encheres-dart\/","title":{"rendered":"Vente aux ench\u00e8res d&rsquo;art"},"content":{"rendered":"\t\t<div data-elementor-type=\"wp-page\" data-elementor-id=\"7045\" class=\"elementor elementor-7045 elementor-6890\" data-elementor-post-type=\"page\">\n\t\t\t\t\t\t<section data-particle_enable=\"false\" data-particle-mobile-disabled=\"false\" class=\"elementor-section elementor-top-section elementor-element elementor-element-4a67a63 elementor-section-boxed elementor-section-height-default elementor-section-height-default\" data-id=\"4a67a63\" data-element_type=\"section\" data-settings=\"{&quot;background_background&quot;:&quot;classic&quot;}\">\n\t\t\t\t\t\t\t<div class=\"elementor-background-overlay\"><\/div>\n\t\t\t\t\t\t\t<div class=\"elementor-container elementor-column-gap-default\">\n\t\t\t\t\t<div class=\"elementor-column elementor-col-100 elementor-top-column elementor-element elementor-element-523cc17\" data-id=\"523cc17\" data-element_type=\"column\">\n\t\t\t<div class=\"elementor-widget-wrap elementor-element-populated\">\n\t\t\t\t\t\t<section data-particle_enable=\"false\" data-particle-mobile-disabled=\"false\" class=\"elementor-section elementor-inner-section elementor-element elementor-element-1754241 elementor-section-height-min-height elementor-section-boxed elementor-section-height-default\" data-id=\"1754241\" data-element_type=\"section\">\n\t\t\t\t\t\t<div class=\"elementor-container elementor-column-gap-default\">\n\t\t\t\t\t<div class=\"elementor-column elementor-col-100 elementor-inner-column elementor-element elementor-element-9ecd8bb\" data-id=\"9ecd8bb\" data-element_type=\"column\">\n\t\t\t<div class=\"elementor-widget-wrap elementor-element-populated\">\n\t\t\t\t\t\t<div class=\"elementor-element elementor-element-5703c9b eael-infobox-content-align--left elementor-widget__width-initial elementor-widget elementor-widget-eael-info-box\" data-id=\"5703c9b\" data-element_type=\"widget\" data-widget_type=\"eael-info-box.default\">\n\t\t\t\t<div class=\"elementor-widget-container\">\n\t\t\t\t\t        <div class=\"eael-infobox\">\n\t            <div class=\"infobox-content\">\n            <h1 class=\"title\">Vente aux ench\u00e8res d'art exclusive pour l'\u0153uvre \"Empire State Building  <\/h1><div><p>L&rsquo;impressionnante \u0153uvre d&rsquo;art de Mikail Akar pourrait bient\u00f4t \u00eatre la v\u00f4tre. Participez \u00e0 notre vente aux ench\u00e8res exclusive et soutenez en m\u00eame temps le \u00ab\u00a0St. Jude Children&rsquo;s Research Hospital\u00a0\u00bb. Ne laissez pas passer cette chance !<\/p>\n<\/div>        <\/div>\n            <\/div>\n\n\t\t\t\t\t\t<\/div>\n\t\t\t\t<\/div>\n\t\t\t\t\t<\/div>\n\t\t<\/div>\n\t\t\t\t\t<\/div>\n\t\t<\/section>\n\t\t\t\t\t<\/div>\n\t\t<\/div>\n\t\t\t\t\t<\/div>\n\t\t<\/section>\n\t\t\t\t<section data-particle_enable=\"false\" data-particle-mobile-disabled=\"false\" class=\"elementor-section elementor-top-section elementor-element elementor-element-635d792 elementor-section-boxed elementor-section-height-default elementor-section-height-default\" data-id=\"635d792\" data-element_type=\"section\" data-settings=\"{&quot;background_background&quot;:&quot;classic&quot;}\">\n\t\t\t\t\t\t<div class=\"elementor-container elementor-column-gap-default\">\n\t\t\t\t\t<div class=\"elementor-column elementor-col-50 elementor-top-column elementor-element elementor-element-29df439\" data-id=\"29df439\" data-element_type=\"column\">\n\t\t\t<div class=\"elementor-widget-wrap elementor-element-populated\">\n\t\t\t\t\t\t<div class=\"elementor-element elementor-element-24b51c5 elementor-widget elementor-widget-image\" data-id=\"24b51c5\" data-element_type=\"widget\" data-widget_type=\"image.default\">\n\t\t\t\t<div class=\"elementor-widget-container\">\n\t\t\t\t\t\t\t\t\t\t\t\t\t\t\t<img fetchpriority=\"high\" decoding=\"async\" width=\"851\" height=\"1189\" src=\"https:\/\/mikailakar.com\/wp-content\/uploads\/2023\/08\/Empire-State-Building-Mikail-Akar_FR.jpg\" class=\"attachment-full size-full wp-image-7070\" alt=\"Empire-State-Building-Mikail-Akar_FR\" srcset=\"https:\/\/mikailakar.com\/wp-content\/uploads\/2023\/08\/Empire-State-Building-Mikail-Akar_FR.jpg 851w, https:\/\/mikailakar.com\/wp-content\/uploads\/2023\/08\/Empire-State-Building-Mikail-Akar_FR-215x300.jpg 215w, https:\/\/mikailakar.com\/wp-content\/uploads\/2023\/08\/Empire-State-Building-Mikail-Akar_FR-733x1024.jpg 733w, https:\/\/mikailakar.com\/wp-content\/uploads\/2023\/08\/Empire-State-Building-Mikail-Akar_FR-768x1073.jpg 768w\" sizes=\"(max-width: 851px) 100vw, 851px\" \/>\t\t\t\t\t\t\t\t\t\t\t\t\t\t\t<\/div>\n\t\t\t\t<\/div>\n\t\t\t\t<div class=\"elementor-element elementor-element-4a1b7b7 uael-heading-align-center elementor-widget elementor-widget-uael-advanced-heading\" data-id=\"4a1b7b7\" data-element_type=\"widget\" data-settings=\"{&quot;_animation_mobile&quot;:&quot;bounceIn&quot;}\" data-widget_type=\"uael-advanced-heading.default\">\n\t\t\t\t<div class=\"elementor-widget-container\">\n\t\t\t\t\t\n\t\t<div class=\"uael-module-content uael-heading-wrapper\">\n\t\t\t\t\t\t\t\t\t\t<div class=\"uael-sub-heading elementor-inline-editing\" data-elementor-setting-key=\"sub_heading\" data-elementor-inline-editing-toolbar=\"advanced\" ><p>Offre la plus \u00e9lev\u00e9e actuelle -<\/p><\/div>\n\t\t\t\n\t\t\t<h2 class=\"uael-heading\">\n\t\t\t\t\t\t\t\t\t\t<span class=\"uael-heading-text elementor-inline-editing uael-size--default\" data-elementor-setting-key=\"heading_title\" data-elementor-inline-editing-toolbar=\"basic\">14.000\u20ac<\/span>\n\t\t\t\t\t\t\t<\/h2>\n\n\t\t\t\n\t\t\t\n\t\t\t\n\t\t\t\t\t\t<\/div>\n\t\t\t\t\t\t<\/div>\n\t\t\t\t<\/div>\n\t\t\t\t\t<\/div>\n\t\t<\/div>\n\t\t\t\t<div class=\"elementor-column elementor-col-50 elementor-top-column elementor-element elementor-element-dc1979e\" data-id=\"dc1979e\" data-element_type=\"column\" data-settings=\"{&quot;background_background&quot;:&quot;classic&quot;}\">\n\t\t\t<div class=\"elementor-widget-wrap elementor-element-populated\">\n\t\t\t\t\t\t<div class=\"elementor-element elementor-element-247d68d elementor-widget elementor-widget-heading\" data-id=\"247d68d\" data-element_type=\"widget\" data-widget_type=\"heading.default\">\n\t\t\t\t<div class=\"elementor-widget-container\">\n\t\t\t\t\t<h1 class=\"elementor-heading-title elementor-size-default\">Ench\u00e9rir maintenant sur l'\u0153uvre d'art<\/h1>\t\t\t\t<\/div>\n\t\t\t\t<\/div>\n\t\t\t\t<div class=\"elementor-element elementor-element-2b3059a elementor-widget elementor-widget-text-editor\" data-id=\"2b3059a\" data-element_type=\"widget\" data-widget_type=\"text-editor.default\">\n\t\t\t\t<div class=\"elementor-widget-container\">\n\t\t\t\t\t\t\t\t\t<p>Profitez de cette occasion unique pour acqu\u00e9rir l&rsquo;\u0153uvre d&rsquo;art exclusive de Mikail Akar. L&rsquo;\u0153uvre d&rsquo;art a \u00e9t\u00e9 cr\u00e9\u00e9e sur le toit de l&rsquo;Empire State Building. Les recettes seront vers\u00e9es au \u00ab\u00a0St. Jude Children&rsquo;s Research Hospital\u00a0\u00bb.<\/p>\n\t\t\t\t\t\t\t\t<\/div>\n\t\t\t\t<\/div>\n\t\t\t\t<div class=\"elementor-element elementor-element-325798b elementor-widget elementor-widget-text-editor\" data-id=\"325798b\" data-element_type=\"widget\" data-widget_type=\"text-editor.default\">\n\t\t\t\t<div class=\"elementor-widget-container\">\n\t\t\t\t\t\t\t\t\t<p>La vente aux ench\u00e8res d&rsquo;\u0153uvres d&rsquo;art d\u00e9butera le 1er ao\u00fbt 2023 \u00e0 20 heures et se terminera \u00e0 la fin de l&rsquo;exposition \u00ab\u00a0Ma vie est color\u00e9e\u00a0\u00bb, le 20 ao\u00fbt 2023. \u00e0 21 heures. L&rsquo;offre la plus \u00e9lev\u00e9e remporte le march\u00e9.<\/p>\n\t\t\t\t\t\t\t\t<\/div>\n\t\t\t\t<\/div>\n\t\t\t\t<div class=\"elementor-element elementor-element-769b84f elementor-button-align-start elementor-widget elementor-widget-form\" data-id=\"769b84f\" data-element_type=\"widget\" data-settings=\"{&quot;step_next_label&quot;:&quot;Suivant&quot;,&quot;step_previous_label&quot;:&quot;Pr\\u00e9c\\u00e9dent&quot;,&quot;button_width&quot;:&quot;100&quot;,&quot;step_type&quot;:&quot;number_text&quot;,&quot;step_icon_shape&quot;:&quot;circle&quot;}\" data-widget_type=\"form.default\">\n\t\t\t\t<div class=\"elementor-widget-container\">\n\t\t\t\t\t\t\t<form class=\"elementor-form\" method=\"post\" name=\"Forme de liste d&#039;attente\">\n\t\t\t<input type=\"hidden\" name=\"post_id\" value=\"7045\"\/>\n\t\t\t<input type=\"hidden\" name=\"form_id\" value=\"769b84f\"\/>\n\t\t\t<input type=\"hidden\" name=\"referer_title\" value=\"\" \/>\n\n\t\t\t\n\t\t\t<div class=\"elementor-form-fields-wrapper elementor-labels-above\">\n\t\t\t\t\t\t\t\t<div class=\"elementor-field-type-text elementor-field-group elementor-column elementor-field-group-name elementor-col-50 elementor-field-required elementor-mark-required\">\n\t\t\t\t\t\t\t\t\t\t\t\t<label for=\"form-field-name\" class=\"elementor-field-label\">\n\t\t\t\t\t\t\t\tPr\u00e9nom\t\t\t\t\t\t\t<\/label>\n\t\t\t\t\t\t\t\t\t\t\t\t\t\t<input size=\"1\" type=\"text\" name=\"form_fields[name]\" id=\"form-field-name\" class=\"elementor-field elementor-size-sm  elementor-field-textual\" placeholder=\"Pr\u00e9nom\" required=\"required\" aria-required=\"true\">\n\t\t\t\t\t\t\t\t\t\t\t<\/div>\n\t\t\t\t\t\t\t\t<div class=\"elementor-field-type-text elementor-field-group elementor-column elementor-field-group-last_name elementor-col-50 elementor-field-required elementor-mark-required\">\n\t\t\t\t\t\t\t\t\t\t\t\t<label for=\"form-field-last_name\" class=\"elementor-field-label\">\n\t\t\t\t\t\t\t\tNom de famille\t\t\t\t\t\t\t<\/label>\n\t\t\t\t\t\t\t\t\t\t\t\t\t\t<input size=\"1\" type=\"text\" name=\"form_fields[last_name]\" id=\"form-field-last_name\" class=\"elementor-field elementor-size-sm  elementor-field-textual\" placeholder=\"Nom de famille\" required=\"required\" aria-required=\"true\">\n\t\t\t\t\t\t\t\t\t\t\t<\/div>\n\t\t\t\t\t\t\t\t<div class=\"elementor-field-type-email elementor-field-group elementor-column elementor-field-group-email elementor-col-50 elementor-field-required elementor-mark-required\">\n\t\t\t\t\t\t\t\t\t\t\t\t<label for=\"form-field-email\" class=\"elementor-field-label\">\n\t\t\t\t\t\t\t\tEmail\t\t\t\t\t\t\t<\/label>\n\t\t\t\t\t\t\t\t\t\t\t\t\t\t<input size=\"1\" type=\"email\" name=\"form_fields[email]\" id=\"form-field-email\" class=\"elementor-field elementor-size-sm  elementor-field-textual\" placeholder=\"nom@email.fr\" required=\"required\" aria-required=\"true\">\n\t\t\t\t\t\t\t\t\t\t\t<\/div>\n\t\t\t\t\t\t\t\t<div class=\"elementor-field-type-tel elementor-field-group elementor-column elementor-field-group-field_c9ed75b elementor-col-50 elementor-field-required elementor-mark-required\">\n\t\t\t\t\t\t\t\t\t\t\t\t<label for=\"form-field-field_c9ed75b\" class=\"elementor-field-label\">\n\t\t\t\t\t\t\t\tT\u00e9l\u00e9phone\t\t\t\t\t\t\t<\/label>\n\t\t\t\t\t\t\t\t<input size=\"1\" type=\"tel\" name=\"form_fields[field_c9ed75b]\" id=\"form-field-field_c9ed75b\" class=\"elementor-field elementor-size-sm  elementor-field-textual\" placeholder=\"T\u00e9l\u00e9phone\" required=\"required\" aria-required=\"true\" pattern=\"[0-9()#&amp;+*-=.]+\" title=\"Only numbers and phone characters (#, -, *, etc) are accepted.\">\n\n\t\t\t\t\t\t<\/div>\n\t\t\t\t\t\t\t\t<div class=\"elementor-field-type-text elementor-field-group elementor-column elementor-field-group-field_71c6c40 elementor-col-100\">\n\t\t\t\t\t\t\t\t\t\t\t\t<label for=\"form-field-field_71c6c40\" class=\"elementor-field-label\">\n\t\t\t\t\t\t\t\tIndiquez-nous votre offre maximale en EURO :\t\t\t\t\t\t\t<\/label>\n\t\t\t\t\t\t\t\t\t\t\t\t\t\t<input size=\"1\" type=\"text\" name=\"form_fields[field_71c6c40]\" id=\"form-field-field_71c6c40\" class=\"elementor-field elementor-size-sm  elementor-field-textual\" placeholder=\"Veuillez nous indiquer votre offre maximale en \u20ac.  \">\n\t\t\t\t\t\t\t\t\t\t\t<\/div>\n\t\t\t\t\t\t\t\t<div class=\"elementor-field-type-acceptance elementor-field-group elementor-column elementor-field-group-field_18b973b elementor-col-100 elementor-field-required elementor-mark-required\">\n\t\t\t\t\t\t\t<div class=\"elementor-field-subgroup\">\n\t\t\t<span class=\"elementor-field-option\">\n\t\t\t\t<input type=\"checkbox\" name=\"form_fields[field_18b973b]\" id=\"form-field-field_18b973b\" class=\"elementor-field elementor-size-sm  elementor-acceptance-field\" required=\"required\" aria-required=\"true\">\n\t\t\t\t<label for=\"form-field-field_18b973b\">Par la pr\u00e9sente, je confirme les conditions de protection des donn\u00e9es. En pla\u00e7ant mon ench\u00e8re, je participe \u00e0 la vente aux ench\u00e8res d'art. Je suis conscient(e) que la soumission d'une offre est contraignante et que mon adresse IP sera enregistr\u00e9e pendant la dur\u00e9e de la vente aux ench\u00e8res d'art. A l'issue de la vente aux ench\u00e8res d'art, l'offre la plus \u00e9lev\u00e9e est imm\u00e9diatement exigible et mise \u00e0 disposition apr\u00e8s paiement dans un d\u00e9lai de 14 jours.<\/label>\t\t\t<\/span>\n\t\t<\/div>\n\t\t\t\t\t\t<\/div>\n\t\t\t\t\t\t\t\t<div class=\"elementor-field-group elementor-column elementor-field-type-submit elementor-col-100 e-form__buttons\">\n\t\t\t\t\t<button class=\"elementor-button elementor-size-sm\" type=\"submit\">\n\t\t\t\t\t\t<span class=\"elementor-button-content-wrapper\">\n\t\t\t\t\t\t\t\t\t\t\t\t\t\t\t\t\t\t\t\t\t\t<span class=\"elementor-button-text\">Soumettre une offre ferme<\/span>\n\t\t\t\t\t\t\t\t\t\t\t\t\t<\/span>\n\t\t\t\t\t<\/button>\n\t\t\t\t<\/div>\n\t\t\t<\/div>\n\t\t<\/form>\n\t\t\t\t\t\t<\/div>\n\t\t\t\t<\/div>\n\t\t\t\t\t<\/div>\n\t\t<\/div>\n\t\t\t\t\t<\/div>\n\t\t<\/section>\n\t\t\t\t<\/div>\n\t\t","protected":false},"excerpt":{"rendered":"<p>Vente aux ench\u00e8res d&rsquo;art exclusive pour l&rsquo;\u0153uvre \u00ab\u00a0Empire State Building L&rsquo;impressionnante \u0153uvre d&rsquo;art de Mikail Akar pourrait bient\u00f4t \u00eatre la v\u00f4tre. Participez \u00e0 notre vente aux ench\u00e8res exclusive et soutenez en m\u00eame temps le \u00ab\u00a0St. Jude Children&rsquo;s Research Hospital\u00a0\u00bb. Ne laissez pas passer cette chance ! Offre la plus \u00e9lev\u00e9e actuelle &#8211; 14.000\u20ac Ench\u00e9rir maintenant [&hellip;]<\/p>\n","protected":false},"author":2,"featured_media":0,"parent":0,"menu_order":0,"comment_status":"closed","ping_status":"closed","template":"","meta":{"_acf_changed":false,"footnotes":""},"class_list":["post-7045","page","type-page","status-publish","hentry"],"acf":[],"_links":{"self":[{"href":"https:\/\/mikailakar.com\/fr\/wp-json\/wp\/v2\/pages\/7045","targetHints":{"allow":["GET"]}}],"collection":[{"href":"https:\/\/mikailakar.com\/fr\/wp-json\/wp\/v2\/pages"}],"about":[{"href":"https:\/\/mikailakar.com\/fr\/wp-json\/wp\/v2\/types\/page"}],"author":[{"embeddable":true,"href":"https:\/\/mikailakar.com\/fr\/wp-json\/wp\/v2\/users\/2"}],"replies":[{"embeddable":true,"href":"https:\/\/mikailakar.com\/fr\/wp-json\/wp\/v2\/comments?post=7045"}],"version-history":[{"count":18,"href":"https:\/\/mikailakar.com\/fr\/wp-json\/wp\/v2\/pages\/7045\/revisions"}],"predecessor-version":[{"id":7766,"href":"https:\/\/mikailakar.com\/fr\/wp-json\/wp\/v2\/pages\/7045\/revisions\/7766"}],"wp:attachment":[{"href":"https:\/\/mikailakar.com\/fr\/wp-json\/wp\/v2\/media?parent=7045"}],"curies":[{"name":"wp","href":"https:\/\/api.w.org\/{rel}","templated":true}]}}