{"id":5687,"date":"2023-07-12T11:19:48","date_gmt":"2023-07-12T09:19:48","guid":{"rendered":"https:\/\/mikailakar.com\/benim-hakkimda\/"},"modified":"2025-12-27T17:13:08","modified_gmt":"2025-12-27T16:13:08","slug":"benim-hakkimda","status":"publish","type":"page","link":"https:\/\/mikailakar.com\/tr\/benim-hakkimda\/","title":{"rendered":"Benim hakk\u0131mda"},"content":{"rendered":"\t\t<div data-elementor-type=\"wp-page\" data-elementor-id=\"5687\" class=\"elementor elementor-5687 elementor-58\" data-elementor-post-type=\"page\">\n\t\t\t\t\t\t<section data-particle_enable=\"false\" data-particle-mobile-disabled=\"false\" class=\"elementor-section elementor-top-section elementor-element elementor-element-88cf66f elementor-section-boxed elementor-section-height-default elementor-section-height-default\" data-id=\"88cf66f\" data-element_type=\"section\" data-settings=\"{&quot;background_background&quot;:&quot;classic&quot;}\">\n\t\t\t\t\t\t\t<div class=\"elementor-background-overlay\"><\/div>\n\t\t\t\t\t\t\t<div class=\"elementor-container elementor-column-gap-default\">\n\t\t\t\t\t<div class=\"elementor-column elementor-col-100 elementor-top-column elementor-element elementor-element-5d67b35\" data-id=\"5d67b35\" data-element_type=\"column\">\n\t\t\t<div class=\"elementor-widget-wrap elementor-element-populated\">\n\t\t\t\t\t\t<section data-particle_enable=\"false\" data-particle-mobile-disabled=\"false\" class=\"elementor-section elementor-inner-section elementor-element elementor-element-69d5cd7 elementor-section-height-min-height elementor-section-boxed elementor-section-height-default\" data-id=\"69d5cd7\" data-element_type=\"section\">\n\t\t\t\t\t\t<div class=\"elementor-container elementor-column-gap-default\">\n\t\t\t\t\t<div class=\"elementor-column elementor-col-100 elementor-inner-column elementor-element elementor-element-86ace96\" data-id=\"86ace96\" data-element_type=\"column\">\n\t\t\t<div class=\"elementor-widget-wrap elementor-element-populated\">\n\t\t\t\t\t\t<div class=\"elementor-element elementor-element-09dc91c elementor-widget__width-initial eael-infobox-content-align--center elementor-widget elementor-widget-eael-info-box\" data-id=\"09dc91c\" data-element_type=\"widget\" data-widget_type=\"eael-info-box.default\">\n\t\t\t\t<div class=\"elementor-widget-container\">\n\t\t\t\t\t        <div class=\"eael-infobox\">\n\t            <div class=\"infobox-content\">\n            <h1 class=\"title\">Sanat\u00e7\u0131 Mikail Akar<\/h1><div><p>Yolculu\u011fu d\u00f6rt ya\u015f\u0131nda ba\u015flad\u0131 ve \u015fu anda 13 ya\u015f\u0131nda uluslararas\u0131 sanat piyasas\u0131nda faaliyet g\u00f6steriyor ve d\u00fcnyan\u0131n her yerinde sergiler a\u00e7\u0131yor.<\/p><\/div>        <\/div>\n            <\/div>\n\n\t\t\t\t\t\t<\/div>\n\t\t\t\t<\/div>\n\t\t\t\t\t<\/div>\n\t\t<\/div>\n\t\t\t\t\t<\/div>\n\t\t<\/section>\n\t\t\t\t\t<\/div>\n\t\t<\/div>\n\t\t\t\t\t<\/div>\n\t\t<\/section>\n\t\t\t\t<section data-particle_enable=\"false\" data-particle-mobile-disabled=\"false\" class=\"elementor-section elementor-top-section elementor-element elementor-element-d9e5d55 elementor-section-boxed elementor-section-height-default elementor-section-height-default\" data-id=\"d9e5d55\" data-element_type=\"section\" data-settings=\"{&quot;background_background&quot;:&quot;classic&quot;}\">\n\t\t\t\t\t\t<div class=\"elementor-container elementor-column-gap-default\">\n\t\t\t\t\t<div class=\"elementor-column elementor-col-100 elementor-top-column elementor-element elementor-element-b408c8a\" data-id=\"b408c8a\" data-element_type=\"column\">\n\t\t\t<div class=\"elementor-widget-wrap elementor-element-populated\">\n\t\t\t\t\t\t<div class=\"elementor-element elementor-element-a15accc mobile-full-img elementor-widget elementor-widget-image\" data-id=\"a15accc\" data-element_type=\"widget\" data-widget_type=\"image.default\">\n\t\t\t\t<div class=\"elementor-widget-container\">\n\t\t\t\t\t\t\t\t\t\t\t\t\t\t\t<img fetchpriority=\"high\" decoding=\"async\" width=\"1500\" height=\"820\" src=\"https:\/\/mikailakar.com\/wp-content\/uploads\/2025\/02\/Mikail-Akar-Kunsterwerke-Koln.png\" class=\"attachment-full size-full wp-image-10733\" alt=\"Mikail Akar - Kunsterwerke - K\u00f6ln\" srcset=\"https:\/\/mikailakar.com\/wp-content\/uploads\/2025\/02\/Mikail-Akar-Kunsterwerke-Koln.png 1500w, https:\/\/mikailakar.com\/wp-content\/uploads\/2025\/02\/Mikail-Akar-Kunsterwerke-Koln-300x164.png 300w, https:\/\/mikailakar.com\/wp-content\/uploads\/2025\/02\/Mikail-Akar-Kunsterwerke-Koln-1024x560.png 1024w, https:\/\/mikailakar.com\/wp-content\/uploads\/2025\/02\/Mikail-Akar-Kunsterwerke-Koln-768x420.png 768w\" sizes=\"(max-width: 1500px) 100vw, 1500px\" \/>\t\t\t\t\t\t\t\t\t\t\t\t\t\t\t<\/div>\n\t\t\t\t<\/div>\n\t\t\t\t<div class=\"elementor-element elementor-element-4f02b78 elementor-widget elementor-widget-heading\" data-id=\"4f02b78\" data-element_type=\"widget\" data-widget_type=\"heading.default\">\n\t\t\t\t<div class=\"elementor-widget-container\">\n\t\t\t\t\t<h2 class=\"elementor-heading-title elementor-size-default\">Mikail Akar'\u0131n e\u015fsiz sanat eserleri d\u00fcnyay\u0131 fethediyor<\/h2>\t\t\t\t<\/div>\n\t\t\t\t<\/div>\n\t\t\t\t<section data-particle_enable=\"false\" data-particle-mobile-disabled=\"false\" class=\"elementor-section elementor-inner-section elementor-element elementor-element-40a783b elementor-section-boxed elementor-section-height-default elementor-section-height-default\" data-id=\"40a783b\" data-element_type=\"section\">\n\t\t\t\t\t\t<div class=\"elementor-container elementor-column-gap-default\">\n\t\t\t\t\t<div class=\"elementor-column elementor-col-100 elementor-inner-column elementor-element elementor-element-7b7c78b\" data-id=\"7b7c78b\" data-element_type=\"column\">\n\t\t\t<div class=\"elementor-widget-wrap elementor-element-populated\">\n\t\t\t\t\t\t<div class=\"elementor-element elementor-element-3ebb5f9 elementor-widget elementor-widget-text-editor\" data-id=\"3ebb5f9\" data-element_type=\"widget\" data-widget_type=\"text-editor.default\">\n\t\t\t\t<div class=\"elementor-widget-container\">\n\t\t\t\t\t\t\t\t\t<p data-start=\"22\" data-end=\"567\">Hen\u00fcz 13 ya\u015f\u0131nda olan Mikail Akar, uluslararas\u0131 sanat sahnesini k\u00f6kten de\u011fi\u015ftiriyor ve d\u00fcnyan\u0131n d\u00f6rt bir yan\u0131ndaki insanlar\u0131 b\u00fcy\u00fcl\u00fcyor. Sanat yolculu\u011fu, d\u00f6rt ya\u015f\u0131nda ilk kez f\u0131r\u00e7ay\u0131 eline ald\u0131\u011f\u0131 o b\u00fcy\u00fcl\u00fc anla ba\u015flad\u0131. \u0130lk sergisi tamamen sat\u0131ld\u0131 ve ola\u011fan\u00fcst\u00fc yetene\u011finin a\u00e7\u0131k bir kan\u0131t\u0131 oldu. Bug\u00fcn eserleri sadece b\u00fcy\u00fck ilgi g\u00f6rmekle kalm\u0131yor, ayn\u0131 zamanda ger\u00e7ek birer koleksiyon par\u00e7as\u0131 haline geliyor. Kendine \u00f6zg\u00fc tarz\u0131\u2014renk patlamalar\u0131, g\u00fc\u00e7l\u00fc dokular ve derin duygular\u2014sanatseverleri, koleksiyoncular\u0131 ve ele\u015ftirmenleri adeta b\u00fcy\u00fcl\u00fcyor.<\/p><p data-start=\"569\" data-end=\"1271\">Mikail\u2019in sanat\u0131, en prestijli galerileri ve sanat fuarlar\u0131n\u0131 fethetti. Eserleri New York, Miami, \u0130stanbul, Viyana, Z\u00fcrih, Berlin, Palma ve K\u00f6ln gibi sanat\u0131n kalbinin att\u0131\u011f\u0131 \u015fehirlerde sergilendi. New York&#8217;ta <em data-start=\"778\" data-end=\"802\">Gallery High Line Nine<\/em> ve <em data-start=\"806\" data-end=\"830\">One World Trade Center<\/em> gibi \u00fcnl\u00fc mekanlarda b\u00fcy\u00fck be\u011feni toplayan solo sergiler d\u00fczenledi. Ayr\u0131ca, Avrupa\u2019dan \u00e7\u0131kan ilk sanat\u00e7\u0131 olarak <em data-start=\"943\" data-end=\"966\">Empire State Building<\/em>\u2019in g\u00f6zlem platformunda canl\u0131 resim performans\u0131 ger\u00e7ekle\u015ftirdi\u2014bu an sanat tarihine ge\u00e7ti. <em data-start=\"1057\" data-end=\"1078\">Miami Art Week 2023<\/em> kapsam\u0131nda, <em data-start=\"1091\" data-end=\"1116\">Spectrum Miami Art Fair<\/em>\u2019de sergi a\u00e7an en gen\u00e7 sanat\u00e7\u0131 oldu. 50 metrelik devasa sanat eseriyle klasik tuval sanat\u0131n\u0131n s\u0131n\u0131rlar\u0131n\u0131 a\u015ft\u0131 ve \u00e7a\u011fda\u015f sanatta yeni \u00f6l\u00e7\u00fctler belirledi.<\/p><p data-start=\"1273\" data-end=\"1784\">Mikail\u2019in h\u0131zla y\u00fckseli\u015fi dikkatlerden ka\u00e7mad\u0131. <em data-start=\"1321\" data-end=\"1341\">The New York Times<\/em>, <em data-start=\"1343\" data-end=\"1358\">New York Post<\/em>, CNN, BBC, <em data-start=\"1370\" data-end=\"1378\">Forbes<\/em>, <em data-start=\"1380\" data-end=\"1392\">Daily Mail<\/em> ve <em data-start=\"1396\" data-end=\"1406\">Newsweek<\/em> gibi d\u00fcnyaca \u00fcnl\u00fc medya kurulu\u015flar\u0131, onun s\u0131ra d\u0131\u015f\u0131 yetene\u011fini haberle\u015ftirdi. Eserleri, vizyoner, devrim niteli\u011finde ve \u00f6nc\u00fc olarak nitelendiriliyor. Onun kariyeri sadece benzersiz de\u011fil\u2014ayn\u0131 zamanda yeni nesil sanat\u00e7\u0131lar i\u00e7in b\u00fcy\u00fck bir ilham kayna\u011f\u0131. Mikail art\u0131k sadece yetenekli bir ressam olarak de\u011fil, \u00e7a\u011f\u0131m\u0131z\u0131n en etkili yarat\u0131c\u0131 seslerinden biri olarak kabul ediliyor.<\/p>\t\t\t\t\t\t\t\t<\/div>\n\t\t\t\t<\/div>\n\t\t\t\t\t<\/div>\n\t\t<\/div>\n\t\t\t\t\t<\/div>\n\t\t<\/section>\n\t\t\t\t<div class=\"elementor-element elementor-element-f9ee852 elementor-widget elementor-widget-image\" data-id=\"f9ee852\" data-element_type=\"widget\" data-widget_type=\"image.default\">\n\t\t\t\t<div class=\"elementor-widget-container\">\n\t\t\t\t\t\t\t\t\t\t\t\t\t\t\t<img decoding=\"async\" width=\"1500\" height=\"820\" src=\"https:\/\/mikailakar.com\/wp-content\/uploads\/2025\/02\/Mikail-Akar-Kunstwerke.png\" class=\"attachment-full size-full wp-image-10726\" alt=\"Mikail Akar - Kunstwerke\" srcset=\"https:\/\/mikailakar.com\/wp-content\/uploads\/2025\/02\/Mikail-Akar-Kunstwerke.png 1500w, https:\/\/mikailakar.com\/wp-content\/uploads\/2025\/02\/Mikail-Akar-Kunstwerke-300x164.png 300w, https:\/\/mikailakar.com\/wp-content\/uploads\/2025\/02\/Mikail-Akar-Kunstwerke-1024x560.png 1024w, https:\/\/mikailakar.com\/wp-content\/uploads\/2025\/02\/Mikail-Akar-Kunstwerke-768x420.png 768w\" sizes=\"(max-width: 1500px) 100vw, 1500px\" \/>\t\t\t\t\t\t\t\t\t\t\t\t\t\t\t<\/div>\n\t\t\t\t<\/div>\n\t\t\t\t<div class=\"elementor-element elementor-element-47b2983 elementor-widget elementor-widget-text-editor\" data-id=\"47b2983\" data-element_type=\"widget\" data-widget_type=\"text-editor.default\">\n\t\t\t\t<div class=\"elementor-widget-container\">\n\t\t\t\t\t\t\t\t\t<p data-start=\"1814\" data-end=\"2425\">Mikail, yaln\u0131zca ola\u011fan\u00fcst\u00fc bir yetenek de\u011fil\u2014sanat\u0131yla d\u00fcnyay\u0131 olumlu y\u00f6nde de\u011fi\u015ftirmeye \u00e7al\u0131\u015f\u0131yor. <em data-start=\"1915\" data-end=\"1933\">Upcycling 4 Life<\/em> projesiyle s\u00fcrd\u00fcr\u00fclebilirli\u011fe katk\u0131 sa\u011fl\u0131yor ve hurdaya ayr\u0131lm\u0131\u015f malzemeleri\u2014hatta ger\u00e7ek u\u00e7ak enkazlar\u0131n\u0131 bile\u2014b\u00fcy\u00fcleyici sanat eserlerine d\u00f6n\u00fc\u015ft\u00fcr\u00fcyor. Ayn\u0131 zamanda hay\u0131r i\u015flerine b\u00fcy\u00fck \u00f6nem veriyor, \u00e7ocuklara y\u00f6nelik organizasyonlar\u0131 destekliyor ve \u00e7ocuk hastaneleriyle yak\u0131ndan \u00e7al\u0131\u015f\u0131yor. <em data-start=\"2227\" data-end=\"2245\">KinderHerz Vakf\u0131<\/em>\u2019n\u0131n el\u00e7isi olarak, a\u011f\u0131r hasta \u00e7ocuklar i\u00e7in yorulmadan \u00e7aba g\u00f6steriyor. Ba\u011f\u0131\u015f m\u00fczayedeleriyle bug\u00fcne kadar b\u00fcy\u00fck mebla\u011flar toplad\u0131 ve bir\u00e7ok \u00e7ocu\u011fa daha iyi bir gelecek sa\u011flad\u0131.<\/p>\n<p data-start=\"2427\" data-end=\"3073\">Mikail, Rolls-Royce, Gerolsteiner, Uber Almanya, <em data-start=\"2476\" data-end=\"2499\">Empire State Building<\/em> ve <em data-start=\"2503\" data-end=\"2522\">Guggenheim M\u00fczesi<\/em> gibi d\u00fcnyan\u0131n en prestijli markalar\u0131yla i\u015f birli\u011fi yapt\u0131. 2023 y\u0131l\u0131nda, <em data-start=\"2595\" data-end=\"2614\">Guggenheim M\u00fczesi<\/em> onun eserlerinden birini a\u00e7\u0131k art\u0131rmaya sundu\u2014bu, onun ciddi bir sanat\u00e7\u0131 olarak konumunu g\u00fc\u00e7lendiren \u00f6nemli bir d\u00f6n\u00fcm noktas\u0131yd\u0131. Sanat\u0131, <em data-start=\"2753\" data-end=\"2774\">Galerie Mond Berlin&nbsp;<\/em>ve&nbsp;<em data-start=\"2776\" data-end=\"2800\">Gallery Gerhardt Braun<\/em> (Palma)&nbsp;gibi se\u00e7kin galerilerde sergileniyor. Onun eserleri sadece sanat eseri de\u011fil\u2014l\u00fcks, yenilik ve sanatsal derinli\u011fi tamamen yeni bir seviyeye ta\u015f\u0131yan g\u00fc\u00e7l\u00fc ifadeler. Sanat\u0131 yeniden tan\u0131ml\u0131yor ve gelece\u011fe y\u00f6n veren yeni standartlar belirliyor.<\/p>\n<p data-start=\"3075\" data-end=\"3417\" data-is-last-node=\"\">K\u00fcresel \u00e7apta b\u00fcy\u00fck bir ba\u015far\u0131ya ula\u015fmas\u0131na ra\u011fmen Mikail m\u00fctevaz\u0131 kalmaya devam ediyor. Ailesiyle birlikte K\u00f6ln\u2019de ya\u015f\u0131yor ve ona k\u00fcresel bir bak\u0131\u015f a\u00e7\u0131s\u0131 kazand\u0131ran uluslararas\u0131 bir okulda e\u011fitim g\u00f6r\u00fcyor. Ancak kesin olan bir \u015fey var: Onun yolculu\u011fu hen\u00fcz yeni ba\u015fl\u0131yor\u2014ve sanat d\u00fcnyas\u0131, bir sonraki ba\u015fyap\u0131t\u0131n\u0131 b\u00fcy\u00fck bir heyecanla bekliyor.<\/p>\t\t\t\t\t\t\t\t<\/div>\n\t\t\t\t<\/div>\n\t\t\t\t\t<\/div>\n\t\t<\/div>\n\t\t\t\t\t<\/div>\n\t\t<\/section>\n\t\t\t\t<\/div>\n\t\t","protected":false},"excerpt":{"rendered":"<p>Sanat\u00e7\u0131 Mikail Akar Yolculu\u011fu d\u00f6rt ya\u015f\u0131nda ba\u015flad\u0131 ve \u015fu anda 13 ya\u015f\u0131nda uluslararas\u0131 sanat piyasas\u0131nda faaliyet g\u00f6steriyor ve d\u00fcnyan\u0131n her yerinde sergiler a\u00e7\u0131yor. Mikail Akar&#8217;\u0131n e\u015fsiz sanat eserleri d\u00fcnyay\u0131 fethediyor Hen\u00fcz 13 ya\u015f\u0131nda olan Mikail Akar, uluslararas\u0131 sanat sahnesini k\u00f6kten de\u011fi\u015ftiriyor ve d\u00fcnyan\u0131n d\u00f6rt bir yan\u0131ndaki insanlar\u0131 b\u00fcy\u00fcl\u00fcyor. Sanat yolculu\u011fu, d\u00f6rt ya\u015f\u0131nda ilk kez f\u0131r\u00e7ay\u0131 [&hellip;]<\/p>\n","protected":false},"author":2,"featured_media":0,"parent":0,"menu_order":0,"comment_status":"closed","ping_status":"closed","template":"","meta":{"_acf_changed":false,"footnotes":""},"class_list":["post-5687","page","type-page","status-publish","hentry"],"acf":[],"_links":{"self":[{"href":"https:\/\/mikailakar.com\/tr\/wp-json\/wp\/v2\/pages\/5687","targetHints":{"allow":["GET"]}}],"collection":[{"href":"https:\/\/mikailakar.com\/tr\/wp-json\/wp\/v2\/pages"}],"about":[{"href":"https:\/\/mikailakar.com\/tr\/wp-json\/wp\/v2\/types\/page"}],"author":[{"embeddable":true,"href":"https:\/\/mikailakar.com\/tr\/wp-json\/wp\/v2\/users\/2"}],"replies":[{"embeddable":true,"href":"https:\/\/mikailakar.com\/tr\/wp-json\/wp\/v2\/comments?post=5687"}],"version-history":[{"count":28,"href":"https:\/\/mikailakar.com\/tr\/wp-json\/wp\/v2\/pages\/5687\/revisions"}],"predecessor-version":[{"id":11397,"href":"https:\/\/mikailakar.com\/tr\/wp-json\/wp\/v2\/pages\/5687\/revisions\/11397"}],"wp:attachment":[{"href":"https:\/\/mikailakar.com\/tr\/wp-json\/wp\/v2\/media?parent=5687"}],"curies":[{"name":"wp","href":"https:\/\/api.w.org\/{rel}","templated":true}]}}