{"id":7057,"date":"2023-08-01T07:45:14","date_gmt":"2023-08-01T07:45:14","guid":{"rendered":"https:\/\/mikailakar.com\/sanat-muezayedesi\/"},"modified":"2023-08-17T17:32:03","modified_gmt":"2023-08-17T17:32:03","slug":"sanat-muezayedesi","status":"publish","type":"page","link":"https:\/\/mikailakar.com\/tr\/sanat-muezayedesi\/","title":{"rendered":"Sanat m\u00fczayedesi"},"content":{"rendered":"\t\t<div data-elementor-type=\"wp-page\" data-elementor-id=\"7057\" class=\"elementor elementor-7057 elementor-6890\" data-elementor-post-type=\"page\">\n\t\t\t\t\t\t<section data-particle_enable=\"false\" data-particle-mobile-disabled=\"false\" class=\"elementor-section elementor-top-section elementor-element elementor-element-4a67a63 elementor-section-boxed elementor-section-height-default elementor-section-height-default\" data-id=\"4a67a63\" data-element_type=\"section\" data-settings=\"{&quot;background_background&quot;:&quot;classic&quot;}\">\n\t\t\t\t\t\t\t<div class=\"elementor-background-overlay\"><\/div>\n\t\t\t\t\t\t\t<div class=\"elementor-container elementor-column-gap-default\">\n\t\t\t\t\t<div class=\"elementor-column elementor-col-100 elementor-top-column elementor-element elementor-element-523cc17\" data-id=\"523cc17\" data-element_type=\"column\">\n\t\t\t<div class=\"elementor-widget-wrap elementor-element-populated\">\n\t\t\t\t\t\t<section data-particle_enable=\"false\" data-particle-mobile-disabled=\"false\" class=\"elementor-section elementor-inner-section elementor-element elementor-element-1754241 elementor-section-height-min-height elementor-section-boxed elementor-section-height-default\" data-id=\"1754241\" data-element_type=\"section\">\n\t\t\t\t\t\t<div class=\"elementor-container elementor-column-gap-default\">\n\t\t\t\t\t<div class=\"elementor-column elementor-col-100 elementor-inner-column elementor-element elementor-element-9ecd8bb\" data-id=\"9ecd8bb\" data-element_type=\"column\">\n\t\t\t<div class=\"elementor-widget-wrap elementor-element-populated\">\n\t\t\t\t\t\t<div class=\"elementor-element elementor-element-5703c9b eael-infobox-content-align--left elementor-widget__width-initial elementor-widget elementor-widget-eael-info-box\" data-id=\"5703c9b\" data-element_type=\"widget\" data-widget_type=\"eael-info-box.default\">\n\t\t\t\t<div class=\"elementor-widget-container\">\n\t\t\t\t\t        <div class=\"eael-infobox\">\n\t            <div class=\"infobox-content\">\n            <h1 class=\"title\">Empire State Binas\u0131 adl\u0131 eser i\u00e7in \u00f6zel sanat m\u00fczayedesi  <\/h1><div><p>Mikail Akar&#8217;\u0131n etkileyici sanat eseri yak\u0131nda sizin olabilir. \u00d6zel m\u00fczayedemize kat\u0131l\u0131n ve ayn\u0131 zamanda &#8220;St. Jude \u00c7ocuk Ara\u015ft\u0131rma Hastanesi &#8220;ni destekleyin. Bu \u015fans\u0131 ka\u00e7\u0131rmay\u0131n!<\/p>\n<\/div>        <\/div>\n            <\/div>\n\n\t\t\t\t\t\t<\/div>\n\t\t\t\t<\/div>\n\t\t\t\t\t<\/div>\n\t\t<\/div>\n\t\t\t\t\t<\/div>\n\t\t<\/section>\n\t\t\t\t\t<\/div>\n\t\t<\/div>\n\t\t\t\t\t<\/div>\n\t\t<\/section>\n\t\t\t\t<section data-particle_enable=\"false\" data-particle-mobile-disabled=\"false\" class=\"elementor-section elementor-top-section elementor-element elementor-element-635d792 elementor-section-boxed elementor-section-height-default elementor-section-height-default\" data-id=\"635d792\" data-element_type=\"section\" data-settings=\"{&quot;background_background&quot;:&quot;classic&quot;}\">\n\t\t\t\t\t\t<div class=\"elementor-container elementor-column-gap-default\">\n\t\t\t\t\t<div class=\"elementor-column elementor-col-50 elementor-top-column elementor-element elementor-element-29df439\" data-id=\"29df439\" data-element_type=\"column\">\n\t\t\t<div class=\"elementor-widget-wrap elementor-element-populated\">\n\t\t\t\t\t\t<div class=\"elementor-element elementor-element-24b51c5 elementor-widget elementor-widget-image\" data-id=\"24b51c5\" data-element_type=\"widget\" data-widget_type=\"image.default\">\n\t\t\t\t<div class=\"elementor-widget-container\">\n\t\t\t\t\t\t\t\t\t\t\t\t\t\t\t<img fetchpriority=\"high\" decoding=\"async\" width=\"851\" height=\"1189\" src=\"https:\/\/mikailakar.com\/wp-content\/uploads\/2023\/08\/Empire-State-Building-Mikail-Akar_TR.jpg\" class=\"attachment-full size-full wp-image-7088\" alt=\"Empire-State-Building-Mikail-Akar_TR\" srcset=\"https:\/\/mikailakar.com\/wp-content\/uploads\/2023\/08\/Empire-State-Building-Mikail-Akar_TR.jpg 851w, https:\/\/mikailakar.com\/wp-content\/uploads\/2023\/08\/Empire-State-Building-Mikail-Akar_TR-215x300.jpg 215w, https:\/\/mikailakar.com\/wp-content\/uploads\/2023\/08\/Empire-State-Building-Mikail-Akar_TR-733x1024.jpg 733w, https:\/\/mikailakar.com\/wp-content\/uploads\/2023\/08\/Empire-State-Building-Mikail-Akar_TR-768x1073.jpg 768w\" sizes=\"(max-width: 851px) 100vw, 851px\" \/>\t\t\t\t\t\t\t\t\t\t\t\t\t\t\t<\/div>\n\t\t\t\t<\/div>\n\t\t\t\t<div class=\"elementor-element elementor-element-4a1b7b7 uael-heading-align-center elementor-widget elementor-widget-uael-advanced-heading\" data-id=\"4a1b7b7\" data-element_type=\"widget\" data-settings=\"{&quot;_animation_mobile&quot;:&quot;bounceIn&quot;}\" data-widget_type=\"uael-advanced-heading.default\">\n\t\t\t\t<div class=\"elementor-widget-container\">\n\t\t\t\t\t\n\t\t<div class=\"uael-module-content uael-heading-wrapper\">\n\t\t\t\t\t\t\t\t\t\t<div class=\"uael-sub-heading elementor-inline-editing\" data-elementor-setting-key=\"sub_heading\" data-elementor-inline-editing-toolbar=\"advanced\" ><p>\u015eu anki en y\u00fcksek teklif -<\/p><\/div>\n\t\t\t\n\t\t\t<h2 class=\"uael-heading\">\n\t\t\t\t\t\t\t\t\t\t<span class=\"uael-heading-text elementor-inline-editing uael-size--default\" data-elementor-setting-key=\"heading_title\" data-elementor-inline-editing-toolbar=\"basic\">13.700 \u20ac<\/span>\n\t\t\t\t\t\t\t<\/h2>\n\n\t\t\t\n\t\t\t\n\t\t\t\n\t\t\t\t\t\t<\/div>\n\t\t\t\t\t\t<\/div>\n\t\t\t\t<\/div>\n\t\t\t\t\t<\/div>\n\t\t<\/div>\n\t\t\t\t<div class=\"elementor-column elementor-col-50 elementor-top-column elementor-element elementor-element-dc1979e\" data-id=\"dc1979e\" data-element_type=\"column\" data-settings=\"{&quot;background_background&quot;:&quot;classic&quot;}\">\n\t\t\t<div class=\"elementor-widget-wrap elementor-element-populated\">\n\t\t\t\t\t\t<div class=\"elementor-element elementor-element-247d68d elementor-widget elementor-widget-heading\" data-id=\"247d68d\" data-element_type=\"widget\" data-widget_type=\"heading.default\">\n\t\t\t\t<div class=\"elementor-widget-container\">\n\t\t\t\t\t<h1 class=\"elementor-heading-title elementor-size-default\">Sanat eserine \u015fimdi teklif verin<\/h1>\t\t\t\t<\/div>\n\t\t\t\t<\/div>\n\t\t\t\t<div class=\"elementor-element elementor-element-2b3059a elementor-widget elementor-widget-text-editor\" data-id=\"2b3059a\" data-element_type=\"widget\" data-widget_type=\"text-editor.default\">\n\t\t\t\t<div class=\"elementor-widget-container\">\n\t\t\t\t\t\t\t\t\t<p>Mikail Akar&#8217;\u0131n \u00f6zel sanat eserine sahip olmak i\u00e7in bu e\u015fsiz f\u0131rsattan yararlan\u0131n. Sanat eseri Empire State Binas\u0131&#8217;n\u0131n \u00e7at\u0131s\u0131nda olu\u015fturuldu. Elde edilen gelir &#8220;St. Jude \u00c7ocuk Ara\u015ft\u0131rma Hastanesi&#8221;.<\/p>\n\t\t\t\t\t\t\t\t<\/div>\n\t\t\t\t<\/div>\n\t\t\t\t<div class=\"elementor-element elementor-element-325798b elementor-widget elementor-widget-text-editor\" data-id=\"325798b\" data-element_type=\"widget\" data-widget_type=\"text-editor.default\">\n\t\t\t\t<div class=\"elementor-widget-container\">\n\t\t\t\t\t\t\t\t\t<p>Sanat m\u00fczayedesi 1 A\u011fustos 2023 tarihinde saat 20:00&#8217;de ba\u015flayacak ve 20 A\u011fustos 2023 tarihinde &#8220;Hayat\u0131m Renkli&#8221; sergisinin kapan\u0131\u015f\u0131nda sona erecektir. saat 21.00&#8217;de. En y\u00fcksek teklif kazanan tekliftir.<\/p>\n\t\t\t\t\t\t\t\t<\/div>\n\t\t\t\t<\/div>\n\t\t\t\t<div class=\"elementor-element elementor-element-769b84f elementor-button-align-start elementor-widget elementor-widget-form\" data-id=\"769b84f\" data-element_type=\"widget\" data-settings=\"{&quot;step_next_label&quot;:&quot;Sonraki&quot;,&quot;step_previous_label&quot;:&quot;\\u00d6nceki&quot;,&quot;button_width&quot;:&quot;100&quot;,&quot;step_type&quot;:&quot;number_text&quot;,&quot;step_icon_shape&quot;:&quot;circle&quot;}\" data-widget_type=\"form.default\">\n\t\t\t\t<div class=\"elementor-widget-container\">\n\t\t\t\t\t\t\t<form class=\"elementor-form\" method=\"post\" name=\"Bekleme listesi formu\">\n\t\t\t<input type=\"hidden\" name=\"post_id\" value=\"7057\"\/>\n\t\t\t<input type=\"hidden\" name=\"form_id\" value=\"769b84f\"\/>\n\t\t\t<input type=\"hidden\" name=\"referer_title\" value=\"\" \/>\n\n\t\t\t\n\t\t\t<div class=\"elementor-form-fields-wrapper elementor-labels-above\">\n\t\t\t\t\t\t\t\t<div class=\"elementor-field-type-text elementor-field-group elementor-column elementor-field-group-name elementor-col-50 elementor-field-required elementor-mark-required\">\n\t\t\t\t\t\t\t\t\t\t\t\t<label for=\"form-field-name\" class=\"elementor-field-label\">\n\t\t\t\t\t\t\t\t\u0130lk isim\t\t\t\t\t\t\t<\/label>\n\t\t\t\t\t\t\t\t\t\t\t\t\t\t<input size=\"1\" type=\"text\" name=\"form_fields[name]\" id=\"form-field-name\" class=\"elementor-field elementor-size-sm  elementor-field-textual\" placeholder=\"\u0130lk isim\" required=\"required\" aria-required=\"true\">\n\t\t\t\t\t\t\t\t\t\t\t<\/div>\n\t\t\t\t\t\t\t\t<div class=\"elementor-field-type-text elementor-field-group elementor-column elementor-field-group-last_name elementor-col-50 elementor-field-required elementor-mark-required\">\n\t\t\t\t\t\t\t\t\t\t\t\t<label for=\"form-field-last_name\" class=\"elementor-field-label\">\n\t\t\t\t\t\t\t\tSoyad\u0131\t\t\t\t\t\t\t<\/label>\n\t\t\t\t\t\t\t\t\t\t\t\t\t\t<input size=\"1\" type=\"text\" name=\"form_fields[last_name]\" id=\"form-field-last_name\" class=\"elementor-field elementor-size-sm  elementor-field-textual\" placeholder=\"Soyad\u0131\" required=\"required\" aria-required=\"true\">\n\t\t\t\t\t\t\t\t\t\t\t<\/div>\n\t\t\t\t\t\t\t\t<div class=\"elementor-field-type-email elementor-field-group elementor-column elementor-field-group-email elementor-col-50 elementor-field-required elementor-mark-required\">\n\t\t\t\t\t\t\t\t\t\t\t\t<label for=\"form-field-email\" class=\"elementor-field-label\">\n\t\t\t\t\t\t\t\tEmail\t\t\t\t\t\t\t<\/label>\n\t\t\t\t\t\t\t\t\t\t\t\t\t\t<input size=\"1\" type=\"email\" name=\"form_fields[email]\" id=\"form-field-email\" class=\"elementor-field elementor-size-sm  elementor-field-textual\" placeholder=\"hellol@email.tr\" required=\"required\" aria-required=\"true\">\n\t\t\t\t\t\t\t\t\t\t\t<\/div>\n\t\t\t\t\t\t\t\t<div class=\"elementor-field-type-tel elementor-field-group elementor-column elementor-field-group-field_c9ed75b elementor-col-50 elementor-field-required elementor-mark-required\">\n\t\t\t\t\t\t\t\t\t\t\t\t<label for=\"form-field-field_c9ed75b\" class=\"elementor-field-label\">\n\t\t\t\t\t\t\t\tTelefon\t\t\t\t\t\t\t<\/label>\n\t\t\t\t\t\t\t\t<input size=\"1\" type=\"tel\" name=\"form_fields[field_c9ed75b]\" id=\"form-field-field_c9ed75b\" class=\"elementor-field elementor-size-sm  elementor-field-textual\" placeholder=\"Telefon\" required=\"required\" aria-required=\"true\" pattern=\"[0-9()#&amp;+*-=.]+\" title=\"Only numbers and phone characters (#, -, *, etc) are accepted.\">\n\n\t\t\t\t\t\t<\/div>\n\t\t\t\t\t\t\t\t<div class=\"elementor-field-type-text elementor-field-group elementor-column elementor-field-group-field_71c6c40 elementor-col-100\">\n\t\t\t\t\t\t\t\t\t\t\t\t<label for=\"form-field-field_71c6c40\" class=\"elementor-field-label\">\n\t\t\t\t\t\t\t\tBize en y\u00fcksek teklifinizi EURO cinsinden s\u00f6yleyin:\t\t\t\t\t\t\t<\/label>\n\t\t\t\t\t\t\t\t\t\t\t\t\t\t<input size=\"1\" type=\"text\" name=\"form_fields[field_71c6c40]\" id=\"form-field-field_71c6c40\" class=\"elementor-field elementor-size-sm  elementor-field-textual\" placeholder=\"L\u00fctfen en y\u00fcksek teklifinizi \u20ac cinsinden belirtin  \">\n\t\t\t\t\t\t\t\t\t\t\t<\/div>\n\t\t\t\t\t\t\t\t<div class=\"elementor-field-type-acceptance elementor-field-group elementor-column elementor-field-group-field_18b973b elementor-col-100 elementor-field-required elementor-mark-required\">\n\t\t\t\t\t\t\t<div class=\"elementor-field-subgroup\">\n\t\t\t<span class=\"elementor-field-option\">\n\t\t\t\t<input type=\"checkbox\" name=\"form_fields[field_18b973b]\" id=\"form-field-field_18b973b\" class=\"elementor-field elementor-size-sm  elementor-acceptance-field\" required=\"required\" aria-required=\"true\">\n\t\t\t\t<label for=\"form-field-field_18b973b\">\u0130\u015fbu belge ile veri koruma ko\u015fullar\u0131n\u0131 onayl\u0131yorum. Teklifimi vererek sanat m\u00fczayedesine kat\u0131lm\u0131\u015f oluyorum. Teklif vermemin ba\u011flay\u0131c\u0131 oldu\u011funun ve IP adresimin sanat m\u00fczayedesi s\u00fcresince saklanaca\u011f\u0131n\u0131n fark\u0131nday\u0131m. Sanat m\u00fczayedesinin bitiminden sonra, en y\u00fcksek teklif hemen \u00f6denir ve 14 g\u00fcn i\u00e7inde \u00f6deme yap\u0131ld\u0131ktan sonra kullan\u0131ma sunulur.<\/label>\t\t\t<\/span>\n\t\t<\/div>\n\t\t\t\t\t\t<\/div>\n\t\t\t\t\t\t\t\t<div class=\"elementor-field-group elementor-column elementor-field-type-submit elementor-col-100 e-form__buttons\">\n\t\t\t\t\t<button class=\"elementor-button elementor-size-sm\" type=\"submit\">\n\t\t\t\t\t\t<span class=\"elementor-button-content-wrapper\">\n\t\t\t\t\t\t\t\t\t\t\t\t\t\t\t\t\t\t\t\t\t\t<span class=\"elementor-button-text\">Ba\u011flay\u0131c\u0131 teklif g\u00f6nderin<\/span>\n\t\t\t\t\t\t\t\t\t\t\t\t\t<\/span>\n\t\t\t\t\t<\/button>\n\t\t\t\t<\/div>\n\t\t\t<\/div>\n\t\t<input\n                    class=\"apbct_special_field apbct_email_id__elementor_form\"\n                    name=\"apbct__email_id__elementor_form\"\n                    aria-label=\"apbct__label_id__elementor_form\"\n                    type=\"text\" size=\"30\" maxlength=\"200\" autocomplete=\"off\"\n                    value=\"\"\n                \/><\/form>\n\t\t\t\t\t\t<\/div>\n\t\t\t\t<\/div>\n\t\t\t\t\t<\/div>\n\t\t<\/div>\n\t\t\t\t\t<\/div>\n\t\t<\/section>\n\t\t\t\t<\/div>\n\t\t","protected":false},"excerpt":{"rendered":"<p>Empire State Binas\u0131 adl\u0131 eser i\u00e7in \u00f6zel sanat m\u00fczayedesi Mikail Akar&#8217;\u0131n etkileyici sanat eseri yak\u0131nda sizin olabilir. \u00d6zel m\u00fczayedemize kat\u0131l\u0131n ve ayn\u0131 zamanda &#8220;St. Jude \u00c7ocuk Ara\u015ft\u0131rma Hastanesi &#8220;ni destekleyin. Bu \u015fans\u0131 ka\u00e7\u0131rmay\u0131n! \u015eu anki en y\u00fcksek teklif &#8211; 13.700 \u20ac Sanat eserine \u015fimdi teklif verin Mikail Akar&#8217;\u0131n \u00f6zel sanat eserine sahip olmak i\u00e7in bu [&hellip;]<\/p>\n","protected":false},"author":2,"featured_media":0,"parent":0,"menu_order":0,"comment_status":"closed","ping_status":"closed","template":"","meta":{"_acf_changed":false,"footnotes":""},"class_list":["post-7057","page","type-page","status-publish","hentry"],"acf":[],"_links":{"self":[{"href":"https:\/\/mikailakar.com\/tr\/wp-json\/wp\/v2\/pages\/7057","targetHints":{"allow":["GET"]}}],"collection":[{"href":"https:\/\/mikailakar.com\/tr\/wp-json\/wp\/v2\/pages"}],"about":[{"href":"https:\/\/mikailakar.com\/tr\/wp-json\/wp\/v2\/types\/page"}],"author":[{"embeddable":true,"href":"https:\/\/mikailakar.com\/tr\/wp-json\/wp\/v2\/users\/2"}],"replies":[{"embeddable":true,"href":"https:\/\/mikailakar.com\/tr\/wp-json\/wp\/v2\/comments?post=7057"}],"version-history":[{"count":15,"href":"https:\/\/mikailakar.com\/tr\/wp-json\/wp\/v2\/pages\/7057\/revisions"}],"predecessor-version":[{"id":7730,"href":"https:\/\/mikailakar.com\/tr\/wp-json\/wp\/v2\/pages\/7057\/revisions\/7730"}],"wp:attachment":[{"href":"https:\/\/mikailakar.com\/tr\/wp-json\/wp\/v2\/media?parent=7057"}],"curies":[{"name":"wp","href":"https:\/\/api.w.org\/{rel}","templated":true}]}}